{"id":11,"date":"2019-10-15T11:14:20","date_gmt":"2019-10-15T10:14:20","guid":{"rendered":"http:\/\/localhost\/?page_id=11"},"modified":"2024-06-18T11:36:59","modified_gmt":"2024-06-18T10:36:59","slug":"pangea","status":"publish","type":"page","link":"https:\/\/www.grupopangea.es\/","title":{"rendered":"PANGEA"},"content":{"rendered":"\n<h1 class=\"wp-block-heading\">\u00a1Bienvenido a Pangea Proyectos y Obras!<\/h1>\n\n\n\n<p id=\"display-none-p\">Pangea proyectos y obras S.L. es una Empresa Constructora, dedicada fundamentalmente a la impermeabilizaci\u00f3n de edificios y naves industriales, mediante l\u00e1minas sint\u00e9ticas o bituminosas.<\/p>\n\n\n\n<h2 class=\"wp-block-heading\"><span id=\"display-none-p\">Pangea Proyectos y Obras. <\/span>Su socio de confianza en soluciones de construcci\u00f3n e impermeabilizaci\u00f3n<\/h2>\n\n\n\n<p id=\"display-none-p\">Los trabajos que realizamos son principalmente la ejecuci\u00f3n de Cubiertas Deck, revestimientos met\u00e1licos, impermeabilizaciones mediante l\u00e1minas sint\u00e9ticas y reformas o rehabilitaci\u00f3n de naves industriales o edificios. Adem\u00e1s contamos con un Departamento T\u00e9cnico, para la realizaci\u00f3n de Proyectos de Arquitectura e Informes T\u00e9cnicos.<\/p>\n\n\n\n<p>En Pangea Proyectos y Obras, nos especializamos en la construcci\u00f3n, impermeabilizaci\u00f3n y rehabilitaci\u00f3n de cubiertas de naves industriales, dise\u00f1adas para satisfacer y superar todas sus expectativas. Nuestro equipo de profesionales altamente capacitados est\u00e1 listo para llevar a cabo proyectos de cualquier tama\u00f1o y complejidad.<\/p>\n\n\n\n<p>Nuestro compromiso con la excelencia y la satisfacci\u00f3n del cliente nos ha permitido crecer y expandir nuestros servicios, siempre con el objetivo de ofrecer las mejores soluciones a nuestros clientes.<\/p>\n\n\n\n<p>En Pangea Proyectos y Obras, entendemos que cada proyecto es \u00fanico y requiere una atenci\u00f3n personalizada. Por eso, trabajamos estrechamente con nuestros clientes para entender sus necesidades y objetivos, y as\u00ed poder ofrecer soluciones que se ajusten a sus requisitos espec\u00edficos.<\/p>\n\n\n\n<p>Creemos firmemente en la importancia de construir relaciones s\u00f3lidas y duraderas con nuestros clientes. Por eso, nos esforzamos por ofrecer un servicio excepcional en cada interacci\u00f3n, desde la primera consulta hasta la finalizaci\u00f3n del proyecto.<\/p>\n\n\n\n<p id=\"display-none-p\">La Empresa est\u00e1 formada por profesionales cualificados con alta experiencia en el sector, demostrando una gran profesionalidad y calidad en los trabajos realizados.<\/p>\n\n\n\n<h5 class=\"wp-block-heading\" id=\"display-none\">El objetivo de Pangea Proyectos y Obras<\/h5>\n\n\n\n<p id=\"display-none-p\">El objetivo de la Empresa es la satisfacci\u00f3n de nuestros clientes, atendiendo a sus requisitos o necesidades dentro del marco de la legislaci\u00f3n vigente.<\/p>\n\n\n\n<p>En Pangea Proyectos y Obras, nos enorgullecemos de nuestro trabajo y estamos comprometidos a entregar resultados de la m\u00e1s alta calidad en cada uno de nuestros proyectos. No dude en contactarnos para descubrir c\u00f3mo podemos ayudarle a materializar su pr\u00f3ximo proyecto de construcci\u00f3n, impermeabilizaci\u00f3n o rehabilitaci\u00f3n, y llevar su visi\u00f3n a la realidad con profesionalismo y eficacia.<\/p>\n\n\n\n<p>Somos m\u00e1s que una empresa de construcci\u00f3n, somos una experiencia.<\/p>\n\n\n\n<p id=\"ancla_servicios\"><\/p>\n\n\n\n<h2 class=\"wp-block-heading has-text-align-center\" id=\"servicios_pangea\">Servicios de Pangea Proyectos y Obras<\/h2>\n\n\n\n<h3 class=\"wp-block-heading has-text-align-left\">Cubiertas Deck<\/h3>\n\n\n\n<p><strong>Construcci\u00f3n de Cubiertas Deck:<\/strong> En nuestra empresa, nos especializamos en la instalaci\u00f3n y mantenimiento de cubiertas deck, nuestros expertos en construcci\u00f3n crean cubiertas s\u00f3lidas y visualmente agradables, utilizando materiales de alta calidad para garantizar la durabilidad y resistencia de mencionadas cubiertas, adapt\u00e1ndonos a las necesidades espec\u00edficas de cada cliente. Ofrecemos cubiertas eficientes y acabados excepcionales.<\/p>\n\n\n\n<p><strong class=\"negrita\"><a href=\"https:\/\/www.grupopangea.es\/index.php\/obras-realizadas\/cubiertas-deck\/danosa-fontanar\/\" title=\"Nave DANOSA Fontanar (Guadalajara)\" target=\"blank\" rel=\"noopener\">&#8211; Nave DANOSA Fontanar (Guadalajara)<\/a><\/strong><\/p>\n\n\n\n<p><strong><a href=\"https:\/\/www.grupopangea.es\/index.php\/obras-realizadas\/cubiertas-deck\/cubierta-leroy-merlin-sevilla\/\" title=\"Almac\u00e9n log\u00edstico LEROY MERL\u00cdN (Sevilla)\" target=\"blank\" rel=\"noopener\">&#8211; Almac\u00e9n log\u00edstico LEROY MERL\u00cdN (Sevilla)<\/a><\/strong><\/p>\n\n\n\n<p class=\"has-text-align-center\" id=\"solicitar_presupuesto\"><a title=\"Servicio de Cubiertas Deck\" href=\"https:\/\/www.grupopangea.es\/index.php\/servicios\/cubiertas-deck\/\" target=\"blank\" rel=\"noopener\">Visitar la p\u00e1gina de Cubiertas Deck<\/a><\/p>\n\n\n\n<h3 class=\"wp-block-heading\">Cubiertas de Paneles<\/h3>\n\n\n\n<p><strong>Construcci\u00f3n de Cubiertas de Paneles:<\/strong> Nuestro equipo de expertos trabaja de la mano con cada cliente para seleccionar e instalar la cubierta de panel m\u00e1s adecuada para su proyecto espec\u00edfico, combinando funcionalidad y est\u00e9tica. Ofrecemos soluciones personalizadas para la construcci\u00f3n de cubiertas de paneles, asegurando una instalaci\u00f3n eficaz y un acabado extraordinario.<\/p>\n\n\n\n<p><strong><a href=\"https:\/\/www.grupopangea.es\/index.php\/obras-realizadas\/cubiertas-de-panel-y-metalicas\/edificios-anexos-al-canal-de-panama\/\" title=\"Edificios anexos al Canal de Panam\u00e1\" target=\"blank\" rel=\"noopener\">&#8211; Edificios anexos al Canal de Panam\u00e1 (Panam\u00e1)<\/a><\/strong><\/p>\n\n\n\n<p><strong><a href=\"https:\/\/www.grupopangea.es\/index.php\/sample-page\/gimnasio-yunquera\/\" title=\"Gimnasio Yunquera (Guadalajara)\" target=\"blank\" rel=\"noopener\">&#8211; Gimnasio Yunquera (Guadalajara)<\/a><\/strong><\/p>\n\n\n\n<p class=\"has-text-align-center\" id=\"solicitar_presupuesto\"><a title=\"Servicio de Cubiertas de Paneles\" href=\"https:\/\/www.grupopangea.es\/index.php\/servicios\/cubiertas-de-paneles\/\" target=\"blank\" rel=\"noopener\">Visitar la p\u00e1gina de Cubiertas de Paneles<\/a><\/p>\n\n\n\n<h3 class=\"wp-block-heading\">Revestimientos Met\u00e1licos<\/h3>\n\n\n\n<p><strong>Revestimientos Met\u00e1licos:<\/strong> Nuestros revestimientos met\u00e1licos son una opci\u00f3n duradera y est\u00e9ticamente agradable para cualquier proyecto de construcci\u00f3n. Nuestro equipo de profesionales altamente capacitados se encarga de la instalaci\u00f3n precisa y eficiente de los revestimientos, garantizando un acabado de sofisticado que mejora la apariencia y la funcionalidad del edificio. Proteja su fachada con nuestros revestimientos met\u00e1licos de alta calidad. No solo ofrecen protecci\u00f3n duradera, sino que tambi\u00e9n dan un acabado confortable a la fachada de cualquier edificio.<\/p>\n\n\n\n<p><strong><a href=\"https:\/\/www.grupopangea.es\/index.php\/obras-realizadas\/cerramientos-de-fachada\/loomis-alicante\/\" title=\"Edificio Loomis (Alicante)\" target=\"blank\" rel=\"noopener\">&#8211; Edificio Loomis (Alicante)<\/a><\/strong><\/p>\n\n\n\n<p><strong><a href=\"https:\/\/www.grupopangea.es\/index.php\/obras-realizadas\/cerramientos-de-fachada\/edificio-loomis-barcelona\/\" title=\"Edificio Loomis. El Prat de Llobregat (Barcelona)\" target=\"blank\" rel=\"noopener\">&#8211; Edificio Loomis. El Prat de Llobregat (Barcelona)<\/a><\/strong><\/p>\n\n\n\n<p class=\"has-text-align-center\" id=\"solicitar_presupuesto\"><a title=\"Servicio de Revestimientos Met\u00e1licos\" href=\"https:\/\/www.grupopangea.es\/index.php\/servicios\/revestimientos-metalicos\/\" target=\"blank\" rel=\"noopener\">Visitar la p\u00e1gina de Revestimientos Met\u00e1licos<\/a><\/p>\n\n\n\n<h4 class=\"wp-block-heading\">Reformas de Naves Industriales<\/h4>\n\n\n\n<p><strong>Reformas de Naves Industriales:<\/strong> Nos enorgullece ofrecer servicios de reformas para naves industriales, mejorando la funcionalidad y la eficiencia de su espacio de trabajo. Nuestros servicios incluyen la renovaci\u00f3n de instalaciones existentes, la mejora de la eficiencia energ\u00e9tica y la optimizaci\u00f3n del espacio de trabajo. Trabajamos en estrecha colaboraci\u00f3n con nuestros clientes para entender sus objetivos y ofrecer soluciones personalizadas que cumplan con sus expectativas y presupuesto. Con un equipo de profesionales altamente capacitados y un compromiso con la calidad y la satisfacci\u00f3n del cliente, puedes confiar en nosotros para transformar tu nave industrial en un espacio de trabajo moderno y eficaz.<\/p>\n\n\n\n<p><strong><a href=\"https:\/\/www.grupopangea.es\/index.php\/obras-realizadas\/rehabilitacion\/reparacion-de-cubiertas-airbus-illescas-toledo\/\" title=\"Reparaci\u00f3n de cubiertas. Airbus. Illescas (Toledo)\" target=\"blank\" rel=\"noopener\">&#8211; Reparaci\u00f3n de cubiertas. Airbus. Illescas (Toledo)<\/a><\/strong><\/p>\n\n\n\n<p><strong><a href=\"https:\/\/www.grupopangea.es\/index.php\/obras-realizadas\/rehabilitacion\/reabilitacion-cubierta-danosa-fontanar\/\" title=\"Rehabilitaci\u00f3n de cubierta nave Danosa. Fontanar (Guadalajara)\" target=\"blank\" rel=\"noopener\">&#8211; Rehabilitaci\u00f3n de cubierta nave Danosa. Fontanar (Guadalajara)<\/a><\/strong><\/p>\n\n\n\n<p class=\"has-text-align-center\" id=\"solicitar_presupuesto\"><a title=\"Servicio de Reformas de Naves Industriales\" href=\"https:\/\/www.grupopangea.es\/index.php\/servicios\/reformas-de-naves-industriales\/\" target=\"blank\" rel=\"noopener\">Visitar la p\u00e1gina de Servicio de Reformas de Naves Industriales<\/a><\/p>\n\n\n\n<h4 class=\"wp-block-heading\">Rehabilitaci\u00f3n de Edificios<\/h4>\n\n\n\n<p><strong>Rehabilitaci\u00f3n de Edificios:<\/strong> Nos especializamos en la rehabilitaci\u00f3n de naves industriales, un proceso que implica la renovaci\u00f3n y mejora de las instalaciones existentes para cumplir con los est\u00e1ndares modernos y las necesidades cambiantes de su negocio. Nuestro equipo de profesionales tiene la experiencia y el conocimiento para llevar a cabo el proyecto que necesita de manera id\u00f3nea. Mantenga su propiedad en las mejores condiciones, seguridad, funcionalidad y est\u00e9tica, lo tenemos todo.<\/p>\n\n\n\n<p><strong><a href=\"https:\/\/www.grupopangea.es\/index.php\/obras-realizadas\/rehabilitacion\/rehabilitacion-centro-emisor-rtve-la-grajera\/\" title=\"Rehabilitaci\u00f3n Centro Emisor RTVE La Grajera (Logro\u00f1o)\" target=\"blank\" rel=\"noopener\">&#8211; Rehabilitaci\u00f3n Centro Emisor RTVE &#8220;La Grajera&#8221; (Logro\u00f1o)<\/a><\/strong><\/p>\n\n\n\n<p class=\"has-text-align-center\" id=\"solicitar_presupuesto\"><a title=\"Servicio de Rehabilitaci\u00f3n de Edificios\" href=\"https:\/\/www.grupopangea.es\/index.php\/servicios\/rehabilitacion-de-edificios\/\" target=\"blank\" rel=\"noopener\">Visitar la p\u00e1gina de Rehabilitaci\u00f3n de Edificios<\/a><\/p>\n\n\n\n<h4 class=\"wp-block-heading\">Impermeabilizaciones de Naves Industriales<\/h4>\n\n\n\n<p><strong>Impermeabilizaciones de Naves Industriales:<\/strong> Ofrecemos soluciones de impermeabilizaci\u00f3n de alta calidad para proteger su nave industrial de los elementos y garantizar su longevidad. La impermeabilizaci\u00f3n de las Cubiertas Deck se logra mediante la utilizaci\u00f3n de l\u00e1minas sint\u00e9ticas o bituminosas. Las l\u00e1minas sint\u00e9ticas son altamente resistentes al desgarro y ofrecen un alto grado de estabilidad y solidez. Por otro lado, las l\u00e1minas bituminosas son soluciones de impermeabilizaci\u00f3n termopl\u00e1stica fiable y duradera. Por otra parte, los paneles de lana de roca proporcionan un buen aislamiento t\u00e9rmico y ac\u00fastico, adem\u00e1s son incombustibles.<\/p>\n\n\n\n<p><strong><a href=\"https:\/\/www.grupopangea.es\/index.php\/obras-realizadas\/cubiertas-deck\/almacen-logistico-gran-europa-cabanillas-del-campo\/\" title=\"Almac\u00e9n Log\u00edstico Gran Europa. Cabanillas del Campo\" target=\"blank\" rel=\"noopener\">&#8211; Almac\u00e9n Log\u00edstico &#8220;Gran Europa&#8221;. Cabanillas del Campo<\/a><\/strong><\/p>\n\n\n\n<p><strong><a href=\"https:\/\/www.grupopangea.es\/index.php\/obras-realizadas\/cubiertas-deck\/almacen-logistico-gran-europa-torija\/\" title=\"Almac\u00e9n Log\u00edstico parc. 2.2 Gran Europa. Torija\" target=\"blank\" rel=\"noopener\">&#8211; Almac\u00e9n Log\u00edstico parc. 2.2 &#8220;Gran Europa&#8221;. Torija<\/a><\/strong><\/p>\n\n\n\n<p><strong><a href=\"https:\/\/www.grupopangea.es\/index.php\/obras-realizadas\/cubiertas-deck\/almacen-logistico-mango-barcelona\/\" title=\"Centro Log\u00edstico Mango. Lli\u00e7a D'amunt (Barcelona)\" target=\"blank\" rel=\"noopener\">&#8211; Centro Log\u00edstico &#8220;Mango&#8221;. Lli\u00e7a D&#8217;amunt (Barcelona)<\/a><\/strong><\/p>\n\n\n\n<p class=\"has-text-align-center\" id=\"solicitar_presupuesto\"><a title=\"Servicio de Impermeabilizaciones\" href=\"https:\/\/www.grupopangea.es\/index.php\/servicios\/impermeabilizaciones\/\" target=\"blank\" rel=\"noopener\">Visitar la p\u00e1gina de Impermeabilizaciones<\/a><\/p>\n","protected":false},"excerpt":{"rendered":"<p>\u00a1Bienvenido a Pangea Proyectos y Obras! Pangea proyectos y obras S.L. es una Empresa Constructora, dedicada fundamentalmente a la impermeabilizaci\u00f3n de edificios y naves industriales, mediante l\u00e1minas sint\u00e9ticas o bituminosas. Pangea Proyectos y Obras. Su socio de confianza en soluciones de construcci\u00f3n e impermeabilizaci\u00f3n Los trabajos que realizamos son principalmente la ejecuci\u00f3n de Cubiertas Deck, &#8230; <a title=\"PANGEA\" class=\"read-more\" href=\"https:\/\/www.grupopangea.es\/\" aria-label=\"Leer m\u00e1s sobre PANGEA\">Leer m\u00e1s<\/a><\/p>\n","protected":false},"author":1,"featured_media":2995,"parent":0,"menu_order":0,"comment_status":"closed","ping_status":"closed","template":"","meta":{"footnotes":""},"class_list":["post-11","page","type-page","status-publish","has-post-thumbnail"],"yoast_head":"<!-- This site is optimized with the Yoast SEO plugin v25.6 - https:\/\/yoast.com\/wordpress\/plugins\/seo\/ -->\n<title>PANGEA | Pangea Proyectos y Obras<\/title>\n<meta name=\"description\" content=\"Pangea proyectos y obras es una Empresa Constructora, dedicada fundamentalmente a la impermeabilizaci\u00f3n de edificios y naves industriales\" \/>\n<meta name=\"robots\" content=\"index, follow, max-snippet:-1, max-image-preview:large, max-video-preview:-1\" \/>\n<link rel=\"canonical\" href=\"https:\/\/www.grupopangea.es\/\" \/>\n<meta property=\"og:locale\" content=\"es_ES\" \/>\n<meta property=\"og:type\" content=\"article\" \/>\n<meta property=\"og:title\" content=\"PANGEA | Pangea Proyectos y Obras\" \/>\n<meta property=\"og:description\" content=\"Pangea proyectos y obras es una Empresa Constructora, dedicada fundamentalmente a la impermeabilizaci\u00f3n de edificios y naves industriales\" \/>\n<meta property=\"og:url\" content=\"https:\/\/www.grupopangea.es\/\" \/>\n<meta property=\"og:site_name\" content=\"Pangea Proyectos y Obras\" \/>\n<meta property=\"article:modified_time\" content=\"2024-06-18T10:36:59+00:00\" \/>\n<meta property=\"og:image\" content=\"https:\/\/www.grupopangea.es\/wp-content\/uploads\/2024\/03\/Pangea-Cabecera_webp_1200x360-66kb.webp\" \/>\n\t<meta property=\"og:image:width\" content=\"1200\" \/>\n\t<meta property=\"og:image:height\" content=\"360\" \/>\n\t<meta property=\"og:image:type\" content=\"image\/webp\" \/>\n<meta name=\"twitter:card\" content=\"summary_large_image\" \/>\n<meta name=\"twitter:label1\" content=\"Tiempo de lectura\" \/>\n\t<meta name=\"twitter:data1\" content=\"5 minutos\" \/>\n<!-- \/ Yoast SEO plugin. -->","yoast_head_json":{"title":"PANGEA | Pangea Proyectos y Obras","description":"Pangea proyectos y obras es una Empresa Constructora, dedicada fundamentalmente a la impermeabilizaci\u00f3n de edificios y naves industriales","robots":{"index":"index","follow":"follow","max-snippet":"max-snippet:-1","max-image-preview":"max-image-preview:large","max-video-preview":"max-video-preview:-1"},"canonical":"https:\/\/www.grupopangea.es\/","og_locale":"es_ES","og_type":"article","og_title":"PANGEA | Pangea Proyectos y Obras","og_description":"Pangea proyectos y obras es una Empresa Constructora, dedicada fundamentalmente a la impermeabilizaci\u00f3n de edificios y naves industriales","og_url":"https:\/\/www.grupopangea.es\/","og_site_name":"Pangea Proyectos y Obras","article_modified_time":"2024-06-18T10:36:59+00:00","og_image":[{"width":1200,"height":360,"url":"https:\/\/www.grupopangea.es\/wp-content\/uploads\/2024\/03\/Pangea-Cabecera_webp_1200x360-66kb.webp","type":"image\/webp"}],"twitter_card":"summary_large_image","twitter_misc":{"Tiempo de lectura":"5 minutos"},"schema":{"@context":"https:\/\/schema.org","@graph":[{"@type":"WebPage","@id":"https:\/\/www.grupopangea.es\/","url":"https:\/\/www.grupopangea.es\/","name":"PANGEA | Pangea Proyectos y Obras","isPartOf":{"@id":"https:\/\/www.grupopangea.es\/#website"},"primaryImageOfPage":{"@id":"https:\/\/www.grupopangea.es\/#primaryimage"},"image":{"@id":"https:\/\/www.grupopangea.es\/#primaryimage"},"thumbnailUrl":"https:\/\/www.grupopangea.es\/wp-content\/uploads\/2024\/03\/Pangea-Cabecera_webp_1200x360-66kb.webp","datePublished":"2019-10-15T10:14:20+00:00","dateModified":"2024-06-18T10:36:59+00:00","description":"Pangea proyectos y obras es una Empresa Constructora, dedicada fundamentalmente a la impermeabilizaci\u00f3n de edificios y naves industriales","breadcrumb":{"@id":"https:\/\/www.grupopangea.es\/#breadcrumb"},"inLanguage":"es","potentialAction":[{"@type":"ReadAction","target":["https:\/\/www.grupopangea.es\/"]}]},{"@type":"ImageObject","inLanguage":"es","@id":"https:\/\/www.grupopangea.es\/#primaryimage","url":"https:\/\/www.grupopangea.es\/wp-content\/uploads\/2024\/03\/Pangea-Cabecera_webp_1200x360-66kb.webp","contentUrl":"https:\/\/www.grupopangea.es\/wp-content\/uploads\/2024\/03\/Pangea-Cabecera_webp_1200x360-66kb.webp","width":1200,"height":360,"caption":"Pangea Proyectos y Obras - Cubierta Deck"},{"@type":"BreadcrumbList","@id":"https:\/\/www.grupopangea.es\/#breadcrumb","itemListElement":[{"@type":"ListItem","position":1,"name":"Portada","item":"https:\/\/www.grupopangea.es\/"},{"@type":"ListItem","position":2,"name":"PANGEA"}]},{"@type":"WebSite","@id":"https:\/\/www.grupopangea.es\/#website","url":"https:\/\/www.grupopangea.es\/","name":"Pangea Proyectos y Obras","description":"Expertos en impermeabilizaci\u00f3n y aislamiento de cubiertas","publisher":{"@id":"https:\/\/www.grupopangea.es\/#organization"},"potentialAction":[{"@type":"SearchAction","target":{"@type":"EntryPoint","urlTemplate":"https:\/\/www.grupopangea.es\/?s={search_term_string}"},"query-input":{"@type":"PropertyValueSpecification","valueRequired":true,"valueName":"search_term_string"}}],"inLanguage":"es"},{"@type":"Organization","@id":"https:\/\/www.grupopangea.es\/#organization","name":"Pangea Proyectos y Obras","url":"https:\/\/www.grupopangea.es\/","logo":{"@type":"ImageObject","inLanguage":"es","@id":"https:\/\/www.grupopangea.es\/#\/schema\/logo\/image\/","url":"https:\/\/www.grupopangea.es\/wp-content\/uploads\/2024\/02\/Pangea-Logo-webp-7kb-150X116.webp","contentUrl":"https:\/\/www.grupopangea.es\/wp-content\/uploads\/2024\/02\/Pangea-Logo-webp-7kb-150X116.webp","width":150,"height":116,"caption":"Pangea Proyectos y Obras"},"image":{"@id":"https:\/\/www.grupopangea.es\/#\/schema\/logo\/image\/"}}]}},"_links":{"self":[{"href":"https:\/\/www.grupopangea.es\/index.php\/wp-json\/wp\/v2\/pages\/11"}],"collection":[{"href":"https:\/\/www.grupopangea.es\/index.php\/wp-json\/wp\/v2\/pages"}],"about":[{"href":"https:\/\/www.grupopangea.es\/index.php\/wp-json\/wp\/v2\/types\/page"}],"author":[{"embeddable":true,"href":"https:\/\/www.grupopangea.es\/index.php\/wp-json\/wp\/v2\/users\/1"}],"replies":[{"embeddable":true,"href":"https:\/\/www.grupopangea.es\/index.php\/wp-json\/wp\/v2\/comments?post=11"}],"version-history":[{"count":37,"href":"https:\/\/www.grupopangea.es\/index.php\/wp-json\/wp\/v2\/pages\/11\/revisions"}],"predecessor-version":[{"id":3690,"href":"https:\/\/www.grupopangea.es\/index.php\/wp-json\/wp\/v2\/pages\/11\/revisions\/3690"}],"wp:featuredmedia":[{"embeddable":true,"href":"https:\/\/www.grupopangea.es\/index.php\/wp-json\/wp\/v2\/media\/2995"}],"wp:attachment":[{"href":"https:\/\/www.grupopangea.es\/index.php\/wp-json\/wp\/v2\/media?parent=11"}],"curies":[{"name":"wp","href":"https:\/\/api.w.org\/{rel}","templated":true}]}}