{"id":166,"date":"2019-10-28T11:13:42","date_gmt":"2019-10-28T10:13:42","guid":{"rendered":"http:\/\/gfw-nox\/wordpress\/?page_id=166"},"modified":"2024-06-19T10:36:43","modified_gmt":"2024-06-19T09:36:43","slug":"steel-framing","status":"publish","type":"page","link":"https:\/\/www.grupopangea.es\/index.php\/obras-realizadas\/steel-framing\/","title":{"rendered":"Steel framing"},"content":{"rendered":"<div>Tienes que a\u00f1adir un widget, una fila o un dise\u00f1o preconstruido antes de que puedas ver algo aqu\u00ed. :)<\/div>","protected":false},"excerpt":{"rendered":"","protected":false},"author":1,"featured_media":0,"parent":13,"menu_order":4,"comment_status":"closed","ping_status":"closed","template":"","meta":{"footnotes":""},"class_list":["post-166","page","type-page","status-publish"],"yoast_head":"<!-- This site is optimized with the Yoast SEO plugin v25.6 - https:\/\/yoast.com\/wordpress\/plugins\/seo\/ -->\n<title>Steel framing | Pangea Proyectos y Obras<\/title>\n<meta name=\"robots\" content=\"noindex, follow\" \/>\n<meta property=\"og:locale\" content=\"es_ES\" \/>\n<meta property=\"og:type\" content=\"article\" \/>\n<meta property=\"og:title\" content=\"Steel framing | Pangea Proyectos y Obras\" \/>\n<meta property=\"og:url\" content=\"https:\/\/www.grupopangea.es\/index.php\/obras-realizadas\/steel-framing\/\" \/>\n<meta property=\"og:site_name\" content=\"Pangea Proyectos y Obras\" \/>\n<meta property=\"article:modified_time\" content=\"2024-06-19T09:36:43+00:00\" \/>\n<meta name=\"twitter:card\" content=\"summary_large_image\" \/>\n<meta name=\"twitter:label1\" content=\"Tiempo de lectura\" \/>\n\t<meta name=\"twitter:data1\" content=\"1 minuto\" \/>\n<!-- \/ Yoast SEO plugin. -->","yoast_head_json":{"title":"Steel framing | Pangea Proyectos y Obras","robots":{"index":"noindex","follow":"follow"},"og_locale":"es_ES","og_type":"article","og_title":"Steel framing | Pangea Proyectos y Obras","og_url":"https:\/\/www.grupopangea.es\/index.php\/obras-realizadas\/steel-framing\/","og_site_name":"Pangea Proyectos y Obras","article_modified_time":"2024-06-19T09:36:43+00:00","twitter_card":"summary_large_image","twitter_misc":{"Tiempo de lectura":"1 minuto"},"schema":{"@context":"https:\/\/schema.org","@graph":[{"@type":"WebPage","@id":"https:\/\/www.grupopangea.es\/index.php\/obras-realizadas\/steel-framing\/","url":"https:\/\/www.grupopangea.es\/index.php\/obras-realizadas\/steel-framing\/","name":"Steel framing | Pangea Proyectos y Obras","isPartOf":{"@id":"https:\/\/www.grupopangea.es\/#website"},"datePublished":"2019-10-28T10:13:42+00:00","dateModified":"2024-06-19T09:36:43+00:00","breadcrumb":{"@id":"https:\/\/www.grupopangea.es\/index.php\/obras-realizadas\/steel-framing\/#breadcrumb"},"inLanguage":"es","potentialAction":[{"@type":"ReadAction","target":["https:\/\/www.grupopangea.es\/index.php\/obras-realizadas\/steel-framing\/"]}]},{"@type":"BreadcrumbList","@id":"https:\/\/www.grupopangea.es\/index.php\/obras-realizadas\/steel-framing\/#breadcrumb","itemListElement":[{"@type":"ListItem","position":1,"name":"Portada","item":"https:\/\/www.grupopangea.es\/"},{"@type":"ListItem","position":2,"name":"OBRAS REALIZADAS","item":"https:\/\/www.grupopangea.es\/index.php\/obras-realizadas\/"},{"@type":"ListItem","position":3,"name":"Steel framing"}]},{"@type":"WebSite","@id":"https:\/\/www.grupopangea.es\/#website","url":"https:\/\/www.grupopangea.es\/","name":"Pangea Proyectos y Obras","description":"Expertos en impermeabilizaci\u00f3n y aislamiento de cubiertas","publisher":{"@id":"https:\/\/www.grupopangea.es\/#organization"},"potentialAction":[{"@type":"SearchAction","target":{"@type":"EntryPoint","urlTemplate":"https:\/\/www.grupopangea.es\/?s={search_term_string}"},"query-input":{"@type":"PropertyValueSpecification","valueRequired":true,"valueName":"search_term_string"}}],"inLanguage":"es"},{"@type":"Organization","@id":"https:\/\/www.grupopangea.es\/#organization","name":"Pangea Proyectos y Obras","url":"https:\/\/www.grupopangea.es\/","logo":{"@type":"ImageObject","inLanguage":"es","@id":"https:\/\/www.grupopangea.es\/#\/schema\/logo\/image\/","url":"https:\/\/www.grupopangea.es\/wp-content\/uploads\/2024\/02\/Pangea-Logo-webp-7kb-150X116.webp","contentUrl":"https:\/\/www.grupopangea.es\/wp-content\/uploads\/2024\/02\/Pangea-Logo-webp-7kb-150X116.webp","width":150,"height":116,"caption":"Pangea Proyectos y Obras"},"image":{"@id":"https:\/\/www.grupopangea.es\/#\/schema\/logo\/image\/"}}]}},"_links":{"self":[{"href":"https:\/\/www.grupopangea.es\/index.php\/wp-json\/wp\/v2\/pages\/166"}],"collection":[{"href":"https:\/\/www.grupopangea.es\/index.php\/wp-json\/wp\/v2\/pages"}],"about":[{"href":"https:\/\/www.grupopangea.es\/index.php\/wp-json\/wp\/v2\/types\/page"}],"author":[{"embeddable":true,"href":"https:\/\/www.grupopangea.es\/index.php\/wp-json\/wp\/v2\/users\/1"}],"replies":[{"embeddable":true,"href":"https:\/\/www.grupopangea.es\/index.php\/wp-json\/wp\/v2\/comments?post=166"}],"version-history":[{"count":1,"href":"https:\/\/www.grupopangea.es\/index.php\/wp-json\/wp\/v2\/pages\/166\/revisions"}],"predecessor-version":[{"id":3635,"href":"https:\/\/www.grupopangea.es\/index.php\/wp-json\/wp\/v2\/pages\/166\/revisions\/3635"}],"up":[{"embeddable":true,"href":"https:\/\/www.grupopangea.es\/index.php\/wp-json\/wp\/v2\/pages\/13"}],"wp:attachment":[{"href":"https:\/\/www.grupopangea.es\/index.php\/wp-json\/wp\/v2\/media?parent=166"}],"curies":[{"name":"wp","href":"https:\/\/api.w.org\/{rel}","templated":true}]}}