{"id":1959,"date":"2023-03-21T13:08:32","date_gmt":"2023-03-21T12:08:32","guid":{"rendered":"https:\/\/www.grupopangea.es\/?page_id=1959"},"modified":"2024-06-24T12:42:20","modified_gmt":"2024-06-24T11:42:20","slug":"almacen-logistico-gran-europa-torija","status":"publish","type":"page","link":"https:\/\/www.grupopangea.es\/index.php\/obras-realizadas\/almacen-logistico-gran-europa-torija\/","title":{"rendered":"Almac\u00e9n log\u00edstico Gran Europa parcela 2.2 &#8211; Torija"},"content":{"rendered":"<div id=\"pl-1959\"  class=\"panel-layout\" ><div id=\"pg-1959-0\"  class=\"panel-grid panel-no-style\" ><div id=\"pgc-1959-0-0\"  class=\"panel-grid-cell\" ><div id=\"panel-1959-0-0-0\" class=\"so-panel widget widget_sow-editor panel-first-child\" data-index=\"0\" ><div\n\t\t\t\n\t\t\tclass=\"so-widget-sow-editor so-widget-sow-editor-base\"\n\t\t\t\n\t\t>\n<div class=\"siteorigin-widget-tinymce textwidget\">\n\t<h2><strong>Almac\u00e9n Log\u00edstico parc. 2.2 \"Gran Europa\" - Torija<\/strong><\/h2>\n<\/div>\n<\/div><\/div><div id=\"panel-1959-0-0-1\" class=\"so-panel widget widget_sow-slider panel-last-child\" data-index=\"1\" ><div\n\t\t\t\n\t\t\tclass=\"so-widget-sow-slider so-widget-sow-slider-default-6d39609536fd-1959\"\n\t\t\t\n\t\t>\t\t\t\t<div class=\"sow-slider-base\" style=\"display: none\" tabindex=\"0\">\n\t\t\t\t\t<ul\n\t\t\t\t\tclass=\"sow-slider-images\"\n\t\t\t\t\tdata-settings=\"{&quot;pagination&quot;:true,&quot;speed&quot;:800,&quot;timeout&quot;:2200,&quot;paused&quot;:false,&quot;pause_on_hover&quot;:true,&quot;swipe&quot;:true,&quot;nav_always_show_desktop&quot;:&quot;&quot;,&quot;nav_always_show_mobile&quot;:true,&quot;breakpoint&quot;:&quot;780px&quot;,&quot;unmute&quot;:false,&quot;anchor&quot;:null}\"\n\t\t\t\t\t\t\t\t\t\tdata-anchor-id=\"\"\n\t\t\t\t>\t\t<li class=\"sow-slider-image\" style=\"visibility: visible;\" >\n\t\t\t\t\t\t<img decoding=\"async\" width=\"768\" height=\"768\" src=\"https:\/\/www.grupopangea.es\/wp-content\/uploads\/2023\/03\/pigesatorija-1.jpg\" class=\"sow-slider-background-image\" alt=\"\" style=\"\" srcset=\"https:\/\/www.grupopangea.es\/wp-content\/uploads\/2023\/03\/pigesatorija-1.jpg 768w, https:\/\/www.grupopangea.es\/wp-content\/uploads\/2023\/03\/pigesatorija-1-300x300.jpg 300w, https:\/\/www.grupopangea.es\/wp-content\/uploads\/2023\/03\/pigesatorija-1-150x150.jpg 150w\" sizes=\"(max-width: 768px) 100vw, 768px\" \/>\t\t<\/li>\n\t\t\t\t<li class=\"sow-slider-image\" style=\"visibility: hidden;\" >\n\t\t\t\t\t\t<img decoding=\"async\" width=\"768\" height=\"768\" src=\"https:\/\/www.grupopangea.es\/wp-content\/uploads\/2023\/03\/pigesatorija-3.jpg\" class=\"sow-slider-background-image\" alt=\"\" style=\"\" srcset=\"https:\/\/www.grupopangea.es\/wp-content\/uploads\/2023\/03\/pigesatorija-3.jpg 768w, https:\/\/www.grupopangea.es\/wp-content\/uploads\/2023\/03\/pigesatorija-3-300x300.jpg 300w, https:\/\/www.grupopangea.es\/wp-content\/uploads\/2023\/03\/pigesatorija-3-150x150.jpg 150w\" sizes=\"(max-width: 768px) 100vw, 768px\" \/>\t\t<\/li>\n\t\t\t\t<li class=\"sow-slider-image\" style=\"visibility: hidden;\" >\n\t\t\t\t\t\t<img decoding=\"async\" width=\"768\" height=\"768\" src=\"https:\/\/www.grupopangea.es\/wp-content\/uploads\/2023\/03\/pigesatorija-5.jpg\" class=\"sow-slider-background-image\" alt=\"\" style=\"\" srcset=\"https:\/\/www.grupopangea.es\/wp-content\/uploads\/2023\/03\/pigesatorija-5.jpg 768w, https:\/\/www.grupopangea.es\/wp-content\/uploads\/2023\/03\/pigesatorija-5-300x300.jpg 300w, https:\/\/www.grupopangea.es\/wp-content\/uploads\/2023\/03\/pigesatorija-5-150x150.jpg 150w\" sizes=\"(max-width: 768px) 100vw, 768px\" \/>\t\t<\/li>\n\t\t\t\t<li class=\"sow-slider-image\" style=\"visibility: hidden;\" >\n\t\t\t\t\t\t<img decoding=\"async\" width=\"768\" height=\"768\" src=\"https:\/\/www.grupopangea.es\/wp-content\/uploads\/2023\/03\/pigesatorija-4.jpg\" class=\"sow-slider-background-image\" alt=\"\" style=\"\" srcset=\"https:\/\/www.grupopangea.es\/wp-content\/uploads\/2023\/03\/pigesatorija-4.jpg 768w, https:\/\/www.grupopangea.es\/wp-content\/uploads\/2023\/03\/pigesatorija-4-300x300.jpg 300w, https:\/\/www.grupopangea.es\/wp-content\/uploads\/2023\/03\/pigesatorija-4-150x150.jpg 150w\" sizes=\"(max-width: 768px) 100vw, 768px\" \/>\t\t<\/li>\n\t\t\t\t<li class=\"sow-slider-image\" style=\"visibility: hidden;\" >\n\t\t\t\t\t\t<img decoding=\"async\" width=\"1200\" height=\"675\" src=\"https:\/\/www.grupopangea.es\/wp-content\/uploads\/2023\/03\/pigesatorija-10.jpg\" class=\"sow-slider-background-image\" alt=\"\" style=\"\" srcset=\"https:\/\/www.grupopangea.es\/wp-content\/uploads\/2023\/03\/pigesatorija-10.jpg 1200w, https:\/\/www.grupopangea.es\/wp-content\/uploads\/2023\/03\/pigesatorija-10-300x169.jpg 300w, https:\/\/www.grupopangea.es\/wp-content\/uploads\/2023\/03\/pigesatorija-10-1024x576.jpg 1024w, https:\/\/www.grupopangea.es\/wp-content\/uploads\/2023\/03\/pigesatorija-10-768x432.jpg 768w\" sizes=\"(max-width: 1200px) 100vw, 1200px\" \/>\t\t<\/li>\n\t\t\t\t<li class=\"sow-slider-image\" style=\"visibility: hidden;\" >\n\t\t\t\t\t\t<img decoding=\"async\" width=\"1200\" height=\"675\" src=\"https:\/\/www.grupopangea.es\/wp-content\/uploads\/2023\/03\/pigesatorija-11.jpg\" class=\"sow-slider-background-image\" alt=\"\" style=\"\" srcset=\"https:\/\/www.grupopangea.es\/wp-content\/uploads\/2023\/03\/pigesatorija-11.jpg 1200w, https:\/\/www.grupopangea.es\/wp-content\/uploads\/2023\/03\/pigesatorija-11-300x169.jpg 300w, https:\/\/www.grupopangea.es\/wp-content\/uploads\/2023\/03\/pigesatorija-11-1024x576.jpg 1024w, https:\/\/www.grupopangea.es\/wp-content\/uploads\/2023\/03\/pigesatorija-11-768x432.jpg 768w\" sizes=\"(max-width: 1200px) 100vw, 1200px\" \/>\t\t<\/li>\n\t\t\t\t<li class=\"sow-slider-image\" style=\"visibility: hidden;\" >\n\t\t\t\t\t\t<img decoding=\"async\" width=\"1200\" height=\"1169\" src=\"https:\/\/www.grupopangea.es\/wp-content\/uploads\/2023\/03\/pigesatorija-14.jpg\" class=\"sow-slider-background-image\" alt=\"\" style=\"\" srcset=\"https:\/\/www.grupopangea.es\/wp-content\/uploads\/2023\/03\/pigesatorija-14.jpg 1200w, https:\/\/www.grupopangea.es\/wp-content\/uploads\/2023\/03\/pigesatorija-14-300x292.jpg 300w, https:\/\/www.grupopangea.es\/wp-content\/uploads\/2023\/03\/pigesatorija-14-1024x998.jpg 1024w, https:\/\/www.grupopangea.es\/wp-content\/uploads\/2023\/03\/pigesatorija-14-768x748.jpg 768w\" sizes=\"(max-width: 1200px) 100vw, 1200px\" \/>\t\t<\/li>\n\t\t\t\t<li class=\"sow-slider-image\" style=\"visibility: hidden;\" >\n\t\t\t\t\t\t<img decoding=\"async\" width=\"1200\" height=\"675\" src=\"https:\/\/www.grupopangea.es\/wp-content\/uploads\/2023\/03\/pigesatorija-12.jpg\" class=\"sow-slider-background-image\" alt=\"\" style=\"\" srcset=\"https:\/\/www.grupopangea.es\/wp-content\/uploads\/2023\/03\/pigesatorija-12.jpg 1200w, https:\/\/www.grupopangea.es\/wp-content\/uploads\/2023\/03\/pigesatorija-12-300x169.jpg 300w, https:\/\/www.grupopangea.es\/wp-content\/uploads\/2023\/03\/pigesatorija-12-1024x576.jpg 1024w, https:\/\/www.grupopangea.es\/wp-content\/uploads\/2023\/03\/pigesatorija-12-768x432.jpg 768w\" sizes=\"(max-width: 1200px) 100vw, 1200px\" \/>\t\t<\/li>\n\t\t\t\t<li class=\"sow-slider-image\" style=\"visibility: hidden;\" >\n\t\t\t\t\t\t<img decoding=\"async\" width=\"1200\" height=\"675\" src=\"https:\/\/www.grupopangea.es\/wp-content\/uploads\/2023\/03\/pigesatorija-13.jpg\" class=\"sow-slider-background-image\" alt=\"\" style=\"\" srcset=\"https:\/\/www.grupopangea.es\/wp-content\/uploads\/2023\/03\/pigesatorija-13.jpg 1200w, https:\/\/www.grupopangea.es\/wp-content\/uploads\/2023\/03\/pigesatorija-13-300x169.jpg 300w, https:\/\/www.grupopangea.es\/wp-content\/uploads\/2023\/03\/pigesatorija-13-1024x576.jpg 1024w, https:\/\/www.grupopangea.es\/wp-content\/uploads\/2023\/03\/pigesatorija-13-768x432.jpg 768w\" sizes=\"(max-width: 1200px) 100vw, 1200px\" \/>\t\t<\/li>\n\t\t\t\t<li class=\"sow-slider-image\" style=\"visibility: hidden;\" >\n\t\t\t\t\t\t<img decoding=\"async\" width=\"1200\" height=\"675\" src=\"https:\/\/www.grupopangea.es\/wp-content\/uploads\/2023\/03\/pigesatorija-19.jpg\" class=\"sow-slider-background-image\" alt=\"\" style=\"\" srcset=\"https:\/\/www.grupopangea.es\/wp-content\/uploads\/2023\/03\/pigesatorija-19.jpg 1200w, https:\/\/www.grupopangea.es\/wp-content\/uploads\/2023\/03\/pigesatorija-19-300x169.jpg 300w, https:\/\/www.grupopangea.es\/wp-content\/uploads\/2023\/03\/pigesatorija-19-1024x576.jpg 1024w, https:\/\/www.grupopangea.es\/wp-content\/uploads\/2023\/03\/pigesatorija-19-768x432.jpg 768w\" sizes=\"(max-width: 1200px) 100vw, 1200px\" \/>\t\t<\/li>\n\t\t\t\t<li class=\"sow-slider-image\" style=\"visibility: hidden;\" >\n\t\t\t\t\t\t<img decoding=\"async\" width=\"1200\" height=\"675\" src=\"https:\/\/www.grupopangea.es\/wp-content\/uploads\/2023\/03\/pigesatorija-20.jpg\" class=\"sow-slider-background-image\" alt=\"\" style=\"\" srcset=\"https:\/\/www.grupopangea.es\/wp-content\/uploads\/2023\/03\/pigesatorija-20.jpg 1200w, https:\/\/www.grupopangea.es\/wp-content\/uploads\/2023\/03\/pigesatorija-20-300x169.jpg 300w, https:\/\/www.grupopangea.es\/wp-content\/uploads\/2023\/03\/pigesatorija-20-1024x576.jpg 1024w, https:\/\/www.grupopangea.es\/wp-content\/uploads\/2023\/03\/pigesatorija-20-768x432.jpg 768w\" sizes=\"(max-width: 1200px) 100vw, 1200px\" \/>\t\t<\/li>\n\t\t\t\t<li class=\"sow-slider-image\" style=\"visibility: hidden;\" >\n\t\t\t\t\t\t<img decoding=\"async\" width=\"1200\" height=\"675\" src=\"https:\/\/www.grupopangea.es\/wp-content\/uploads\/2023\/03\/pigesatorija-21.jpg\" class=\"sow-slider-background-image\" alt=\"\" style=\"\" srcset=\"https:\/\/www.grupopangea.es\/wp-content\/uploads\/2023\/03\/pigesatorija-21.jpg 1200w, https:\/\/www.grupopangea.es\/wp-content\/uploads\/2023\/03\/pigesatorija-21-300x169.jpg 300w, https:\/\/www.grupopangea.es\/wp-content\/uploads\/2023\/03\/pigesatorija-21-1024x576.jpg 1024w, https:\/\/www.grupopangea.es\/wp-content\/uploads\/2023\/03\/pigesatorija-21-768x432.jpg 768w\" sizes=\"(max-width: 1200px) 100vw, 1200px\" \/>\t\t<\/li>\n\t\t\t\t<li class=\"sow-slider-image\" style=\"visibility: hidden;\" >\n\t\t\t\t\t\t<img decoding=\"async\" width=\"576\" height=\"1024\" src=\"https:\/\/www.grupopangea.es\/wp-content\/uploads\/2023\/03\/pigesatorija-22.jpg\" class=\"sow-slider-background-image\" alt=\"\" style=\"\" srcset=\"https:\/\/www.grupopangea.es\/wp-content\/uploads\/2023\/03\/pigesatorija-22.jpg 576w, https:\/\/www.grupopangea.es\/wp-content\/uploads\/2023\/03\/pigesatorija-22-169x300.jpg 169w\" sizes=\"(max-width: 576px) 100vw, 576px\" \/>\t\t<\/li>\n\t\t\t\t<li class=\"sow-slider-image\" style=\"visibility: hidden;\" >\n\t\t\t\t\t\t<img decoding=\"async\" width=\"1200\" height=\"675\" src=\"https:\/\/www.grupopangea.es\/wp-content\/uploads\/2023\/03\/pigesatorija-23.jpg\" class=\"sow-slider-background-image\" alt=\"\" style=\"\" srcset=\"https:\/\/www.grupopangea.es\/wp-content\/uploads\/2023\/03\/pigesatorija-23.jpg 1200w, https:\/\/www.grupopangea.es\/wp-content\/uploads\/2023\/03\/pigesatorija-23-300x169.jpg 300w, https:\/\/www.grupopangea.es\/wp-content\/uploads\/2023\/03\/pigesatorija-23-1024x576.jpg 1024w, https:\/\/www.grupopangea.es\/wp-content\/uploads\/2023\/03\/pigesatorija-23-768x432.jpg 768w\" sizes=\"(max-width: 1200px) 100vw, 1200px\" \/>\t\t<\/li>\n\t\t<\/ul>\t\t\t\t<ol class=\"sow-slider-pagination\">\n\t\t\t\t\t\t\t\t\t\t\t<li><a href=\"#\" data-goto=\"0\" aria-label=\"mostrar diapositiva 1\"><\/a><\/li>\n\t\t\t\t\t\t\t\t\t\t\t<li><a href=\"#\" data-goto=\"1\" aria-label=\"mostrar diapositiva 2\"><\/a><\/li>\n\t\t\t\t\t\t\t\t\t\t\t<li><a href=\"#\" data-goto=\"2\" aria-label=\"mostrar diapositiva 3\"><\/a><\/li>\n\t\t\t\t\t\t\t\t\t\t\t<li><a href=\"#\" data-goto=\"3\" aria-label=\"mostrar diapositiva 4\"><\/a><\/li>\n\t\t\t\t\t\t\t\t\t\t\t<li><a href=\"#\" data-goto=\"4\" aria-label=\"mostrar diapositiva 5\"><\/a><\/li>\n\t\t\t\t\t\t\t\t\t\t\t<li><a href=\"#\" data-goto=\"5\" aria-label=\"mostrar diapositiva 6\"><\/a><\/li>\n\t\t\t\t\t\t\t\t\t\t\t<li><a href=\"#\" data-goto=\"6\" aria-label=\"mostrar diapositiva 7\"><\/a><\/li>\n\t\t\t\t\t\t\t\t\t\t\t<li><a href=\"#\" data-goto=\"7\" aria-label=\"mostrar diapositiva 8\"><\/a><\/li>\n\t\t\t\t\t\t\t\t\t\t\t<li><a href=\"#\" data-goto=\"8\" aria-label=\"mostrar diapositiva 9\"><\/a><\/li>\n\t\t\t\t\t\t\t\t\t\t\t<li><a href=\"#\" data-goto=\"9\" aria-label=\"mostrar diapositiva 10\"><\/a><\/li>\n\t\t\t\t\t\t\t\t\t\t\t<li><a href=\"#\" data-goto=\"10\" aria-label=\"mostrar diapositiva 11\"><\/a><\/li>\n\t\t\t\t\t\t\t\t\t\t\t<li><a href=\"#\" data-goto=\"11\" aria-label=\"mostrar diapositiva 12\"><\/a><\/li>\n\t\t\t\t\t\t\t\t\t\t\t<li><a href=\"#\" data-goto=\"12\" aria-label=\"mostrar diapositiva 13\"><\/a><\/li>\n\t\t\t\t\t\t\t\t\t\t\t<li><a href=\"#\" data-goto=\"13\" aria-label=\"mostrar diapositiva 14\"><\/a><\/li>\n\t\t\t\t\t\t\t\t\t<\/ol>\n\n\t\t\t\t<div class=\"sow-slide-nav sow-slide-nav-next\">\n\t\t\t\t\t<a href=\"#\" data-goto=\"next\" aria-label=\"diapositiva siguiente\" data-action=\"next\">\n\t\t\t\t\t\t<em class=\"sow-sld-icon-thin-right\"><\/em>\n\t\t\t\t\t<\/a>\n\t\t\t\t<\/div>\n\n\t\t\t\t<div class=\"sow-slide-nav sow-slide-nav-prev\">\n\t\t\t\t\t<a href=\"#\" data-goto=\"previous\" aria-label=\"diapositiva anterior\" data-action=\"prev\">\n\t\t\t\t\t\t<em class=\"sow-sld-icon-thin-left\"><\/em>\n\t\t\t\t\t<\/a>\n\t\t\t\t<\/div>\n\t\t\t\t<\/div><\/div><\/div><\/div><\/div><\/div>","protected":false},"excerpt":{"rendered":"<p>Almac\u00e9n Log\u00edstico parc. 2.2 &#8220;Gran Europa&#8221; &#8211; Torija<\/p>\n","protected":false},"author":1,"featured_media":0,"parent":13,"menu_order":30,"comment_status":"closed","ping_status":"closed","template":"","meta":{"footnotes":""},"class_list":["post-1959","page","type-page","status-publish"],"yoast_head":"<!-- This site is optimized with the Yoast SEO plugin v25.6 - https:\/\/yoast.com\/wordpress\/plugins\/seo\/ -->\n<title>Almac\u00e9n log\u00edstico Gran Europa parcela 2.2 - Torija | Pangea Proyectos y Obras<\/title>\n<meta name=\"robots\" content=\"noindex, follow\" \/>\n<meta property=\"og:locale\" content=\"es_ES\" \/>\n<meta property=\"og:type\" content=\"article\" \/>\n<meta property=\"og:title\" content=\"Almac\u00e9n log\u00edstico Gran Europa parcela 2.2 - Torija | Pangea Proyectos y Obras\" \/>\n<meta property=\"og:description\" content=\"Almac\u00e9n Log\u00edstico parc. 2.2 &quot;Gran Europa&quot; - Torija\" \/>\n<meta property=\"og:url\" content=\"https:\/\/www.grupopangea.es\/index.php\/servicios\/cubiertas-deck\/\" \/>\n<meta property=\"og:site_name\" content=\"Pangea Proyectos y Obras\" \/>\n<meta property=\"article:modified_time\" content=\"2024-06-24T11:42:20+00:00\" \/>\n<meta name=\"twitter:card\" content=\"summary_large_image\" \/>\n<meta name=\"twitter:label1\" content=\"Tiempo de lectura\" \/>\n\t<meta name=\"twitter:data1\" content=\"3 minutos\" \/>\n<!-- \/ Yoast SEO plugin. -->","yoast_head_json":{"title":"Almac\u00e9n log\u00edstico Gran Europa parcela 2.2 - Torija | Pangea Proyectos y Obras","robots":{"index":"noindex","follow":"follow"},"og_locale":"es_ES","og_type":"article","og_title":"Almac\u00e9n log\u00edstico Gran Europa parcela 2.2 - Torija | Pangea Proyectos y Obras","og_description":"Almac\u00e9n Log\u00edstico parc. 2.2 \"Gran Europa\" - Torija","og_url":"https:\/\/www.grupopangea.es\/index.php\/servicios\/cubiertas-deck\/","og_site_name":"Pangea Proyectos y Obras","article_modified_time":"2024-06-24T11:42:20+00:00","twitter_card":"summary_large_image","twitter_misc":{"Tiempo de lectura":"3 minutos"},"schema":{"@context":"https:\/\/schema.org","@graph":[{"@type":"WebPage","@id":"https:\/\/www.grupopangea.es\/index.php\/obras-realizadas\/almacen-logistico-gran-europa-torija\/","url":"https:\/\/www.grupopangea.es\/index.php\/servicios\/cubiertas-deck\/","name":"Almac\u00e9n log\u00edstico Gran Europa parcela 2.2 - Torija | Pangea Proyectos y Obras","isPartOf":{"@id":"https:\/\/www.grupopangea.es\/#website"},"datePublished":"2023-03-21T12:08:32+00:00","dateModified":"2024-06-24T11:42:20+00:00","breadcrumb":{"@id":"https:\/\/www.grupopangea.es\/index.php\/servicios\/cubiertas-deck\/#breadcrumb"},"inLanguage":"es","potentialAction":[{"@type":"ReadAction","target":["https:\/\/www.grupopangea.es\/index.php\/servicios\/cubiertas-deck\/"]}]},{"@type":"BreadcrumbList","@id":"https:\/\/www.grupopangea.es\/index.php\/servicios\/cubiertas-deck\/#breadcrumb","itemListElement":[{"@type":"ListItem","position":1,"name":"Portada","item":"https:\/\/www.grupopangea.es\/"},{"@type":"ListItem","position":2,"name":"OBRAS REALIZADAS","item":"https:\/\/www.grupopangea.es\/index.php\/obras-realizadas\/"},{"@type":"ListItem","position":3,"name":"Almac\u00e9n log\u00edstico Gran Europa parcela 2.2 &#8211; Torija"}]},{"@type":"WebSite","@id":"https:\/\/www.grupopangea.es\/#website","url":"https:\/\/www.grupopangea.es\/","name":"Pangea Proyectos y Obras","description":"Expertos en impermeabilizaci\u00f3n y aislamiento de cubiertas","publisher":{"@id":"https:\/\/www.grupopangea.es\/#organization"},"potentialAction":[{"@type":"SearchAction","target":{"@type":"EntryPoint","urlTemplate":"https:\/\/www.grupopangea.es\/?s={search_term_string}"},"query-input":{"@type":"PropertyValueSpecification","valueRequired":true,"valueName":"search_term_string"}}],"inLanguage":"es"},{"@type":"Organization","@id":"https:\/\/www.grupopangea.es\/#organization","name":"Pangea Proyectos y Obras","url":"https:\/\/www.grupopangea.es\/","logo":{"@type":"ImageObject","inLanguage":"es","@id":"https:\/\/www.grupopangea.es\/#\/schema\/logo\/image\/","url":"https:\/\/www.grupopangea.es\/wp-content\/uploads\/2024\/02\/Pangea-Logo-webp-7kb-150X116.webp","contentUrl":"https:\/\/www.grupopangea.es\/wp-content\/uploads\/2024\/02\/Pangea-Logo-webp-7kb-150X116.webp","width":150,"height":116,"caption":"Pangea Proyectos y Obras"},"image":{"@id":"https:\/\/www.grupopangea.es\/#\/schema\/logo\/image\/"}}]}},"_links":{"self":[{"href":"https:\/\/www.grupopangea.es\/index.php\/wp-json\/wp\/v2\/pages\/1959"}],"collection":[{"href":"https:\/\/www.grupopangea.es\/index.php\/wp-json\/wp\/v2\/pages"}],"about":[{"href":"https:\/\/www.grupopangea.es\/index.php\/wp-json\/wp\/v2\/types\/page"}],"author":[{"embeddable":true,"href":"https:\/\/www.grupopangea.es\/index.php\/wp-json\/wp\/v2\/users\/1"}],"replies":[{"embeddable":true,"href":"https:\/\/www.grupopangea.es\/index.php\/wp-json\/wp\/v2\/comments?post=1959"}],"version-history":[{"count":2,"href":"https:\/\/www.grupopangea.es\/index.php\/wp-json\/wp\/v2\/pages\/1959\/revisions"}],"predecessor-version":[{"id":3657,"href":"https:\/\/www.grupopangea.es\/index.php\/wp-json\/wp\/v2\/pages\/1959\/revisions\/3657"}],"up":[{"embeddable":true,"href":"https:\/\/www.grupopangea.es\/index.php\/wp-json\/wp\/v2\/pages\/13"}],"wp:attachment":[{"href":"https:\/\/www.grupopangea.es\/index.php\/wp-json\/wp\/v2\/media?parent=1959"}],"curies":[{"name":"wp","href":"https:\/\/api.w.org\/{rel}","templated":true}]}}