{"id":3021,"date":"2024-05-23T09:10:23","date_gmt":"2024-05-23T08:10:23","guid":{"rendered":"https:\/\/www.grupopangea.es\/?page_id=3021"},"modified":"2024-08-30T12:42:57","modified_gmt":"2024-08-30T11:42:57","slug":"contacto","status":"publish","type":"page","link":"https:\/\/www.grupopangea.es\/index.php\/contacto\/","title":{"rendered":"CONTACTO"},"content":{"rendered":"\n<p id=\"ancla_contacto\"><span id=\"display-none\"><a href=\"https:\/\/www.grupopangea.es\/\">Pangea Proyectos y Obras<\/a><\/span><\/p>\n\n\n\n<h1 class=\"wp-block-heading has-text-align-center\" id=\"servicios_pangea\">Contactar con: Pangea Proyectos y Obras<\/h1>\n\n\n\n<p>Le damos la m\u00e1s cordial bienvenida a nuestra p\u00e1gina de contacto. Nos complace que est\u00e9 interesado en nuestros servicios, estamos aqu\u00ed para ayudarle a usted y a su empresa.<\/p>\n\n\n\n<p>En Pangea Proyectos y Obras, nos enorgullece ofrecer una amplia gama de servicios dise\u00f1ados para satisfacer sus necesidades espec\u00edficas. Nuestro equipo de profesionales est\u00e1 comprometido con la excelencia y est\u00e1 listo para proporcionar soluciones efectivas y eficientes.<\/p>\n\n\n\n<p>Si tiene alguna pregunta, comentario o sugerencia, no dude en ponerse en contacto con nosotros. Valoramos su opini\u00f3n y nos esforzamos continuamente por mejorar.<\/p>\n\n\n\n<p>Puede contactarnos a trav\u00e9s del formulario de contacto en esta p\u00e1gina, o si prefiere un contacto m\u00e1s directo, puede llamarnos a cualquier tel\u00e9fono que aparece abajo en la tabla, contactar por correo o por WhatsApp.<\/p>\n\n\n\n<figure class=\"wp-block-table\"><table><tbody><tr><td><span id=\"tabla\">Gerencia y Administraci\u00f3n<\/span><\/td><td>\u00c1ngel S\u00e1nchez Urrea<\/td><td>696415771<\/td><\/tr><tr><td><a title=\"Contactar con Gerencia y Administraci\u00f3n de Pangea Proyectos y Obras\" href=\"mailto:angelsanchez@grupopangea.es?subject=Gerencia y Administraci\u00f3n. Pangea\">angelsanchez@grupopangea.es<\/a><\/td><td><a href=\"tel:+34696415771\" title=\"Llamar a \u00c1ngel S\u00e1nchez Urrea\" target=\"_self\" rel=\"noopener\">Llamar a \u00c1ngel<\/a><\/td><td><a href=\"https:\/\/wa.me\/34696415771\"><img decoding=\"async\" class=\"wp-image-3489 lazyload\" style=\"width: 25px; height: 25px;\" src=\"data:image\/gif;base64,R0lGODlhAQABAIAAAAAAAP\/\/\/yH5BAEAAAAALAAAAAABAAEAAAIBRAA7\" data-src=\"https:\/\/www.grupopangea.es\/wp-content\/uploads\/2024\/05\/whatsapp-25x25-1.webp\" alt=\"contacto logo WhatsApp 25x25px\"><noscript><img decoding=\"async\" width=\"25\" height=\"25\" class=\"wp-image-3489 lazyload\" style=\"width: 25px; height: 25px;\" src=\"https:\/\/www.grupopangea.es\/wp-content\/uploads\/2024\/05\/whatsapp-25x25-1.webp\" alt=\"contacto logo WhatsApp 25x25px\"><\/noscript> WhatsApp<span id=\"display-none\"> de \u00c1ngel<\/span><\/a><\/td><\/tr><tr><td><\/td><td><\/td><td><\/td><\/tr><tr><td><span id=\"tabla\">Departamento Comercial<\/span><\/td><td>Francisco Pablos Laso<\/td><td>628449496<\/td><\/tr><tr><td><a title=\"Contactar con el Departamento Comercial de Pangea Proyectos y Obras\" href=\"mailto:franciscopablos@grupopangea.es?subject=Departamento Comercial. Pangea\">franciscopablos@grupopangea.es<\/a><\/td><td><a href=\"tel:+34628449496\" title=\"Llamar a Francisco Pablos Laso\" target=\"_self\" rel=\"noopener\">Llamar a Francisco<\/a><\/td><td><a href=\"https:\/\/wa.me\/34628449496\"><img decoding=\"async\" class=\"wp-image-3489 lazyload\" style=\"width: 25px; height: 25px;\" src=\"data:image\/gif;base64,R0lGODlhAQABAIAAAAAAAP\/\/\/yH5BAEAAAAALAAAAAABAAEAAAIBRAA7\" data-src=\"https:\/\/www.grupopangea.es\/wp-content\/uploads\/2024\/05\/whatsapp-25x25-1.webp\" alt=\"contacto logo WhatsApp 25x25px\"><noscript><img decoding=\"async\" width=\"25\" height=\"25\" class=\"wp-image-3489 lazyload\" style=\"width: 25px; height: 25px;\" src=\"https:\/\/www.grupopangea.es\/wp-content\/uploads\/2024\/05\/whatsapp-25x25-1.webp\" alt=\"contacto logo WhatsApp 25x25px\"><\/noscript> WhatsApp<span id=\"display-none\"> de Francisco<\/span><\/a><\/td><\/tr><tr><td><\/td><td><\/td><td><\/td><\/tr><tr><td><span id=\"tabla\">Departamento de Administraci\u00f3n<\/span><\/td><td><\/td><td>682340138<\/td><\/tr><tr><td><a title=\"Contactar con el Departamento de Administraci\u00f3n de Pangea Proyectos y Obras\" href=\"mailto:administracion@grupopangea.es?subject=Departamento de Administraci\u00f3n. Pangea\">administracion@grupopangea.es<\/a><\/td><td><a href=\"tel:+34682340138\" title=\"Llamar a Administraci\u00f3n de Pangea Proyectos y Obras\" target=\"_self\" rel=\"noopener\">Llamar a Administraci\u00f3n<\/a><\/td><td><a href=\"https:\/\/wa.me\/34682340138\"><img decoding=\"async\" class=\"wp-image-3489 lazyload\" style=\"width: 25px; height: 25px;\" src=\"data:image\/gif;base64,R0lGODlhAQABAIAAAAAAAP\/\/\/yH5BAEAAAAALAAAAAABAAEAAAIBRAA7\" data-src=\"https:\/\/www.grupopangea.es\/wp-content\/uploads\/2024\/05\/whatsapp-25x25-1.webp\" alt=\"contacto logo WhatsApp 25x25px\"><noscript><img decoding=\"async\" width=\"25\" height=\"25\" class=\"wp-image-3489 lazyload\" style=\"width: 25px; height: 25px;\" src=\"https:\/\/www.grupopangea.es\/wp-content\/uploads\/2024\/05\/whatsapp-25x25-1.webp\" alt=\"contacto logo WhatsApp 25x25px\"><\/noscript> WhatsApp<span id=\"display-none\"> de Administraci\u00f3n<\/span><\/a><\/td><\/tr><\/tbody><\/table><\/figure>\n\n\n\n<p>Valoramos profundamente su inter\u00e9s en Pangea Proyecto y Obras, es muy apreciado por todo nuestro equipo. Estamos comprometidos con la excelencia, nos complace que haya considerado nuestros servicios y esperamos tener la oportunidad de demostrarle la calidad y eficiencia que nos caracteriza.<\/p>\n\n\n\n<h2 class=\"wp-block-heading has-text-align-center\" id=\"servicios_pangea\">Solic\u00edtenos presupuesto con el siguiente formulario<span id=\"display-none\"> de contacto<\/span>:<\/h2>\n\n\n\n<div class=\"wp-block-contact-form-7-contact-form-selector\">\n<div class=\"wpcf7 no-js\" id=\"wpcf7-f1498-o1\" lang=\"es-ES\" dir=\"ltr\" data-wpcf7-id=\"1498\">\n<div class=\"screen-reader-response\"><p role=\"status\" aria-live=\"polite\" aria-atomic=\"true\"><\/p> <ul><\/ul><\/div>\n<form action=\"\/index.php\/wp-json\/wp\/v2\/pages\/3021#wpcf7-f1498-o1\" method=\"post\" class=\"wpcf7-form init\" aria-label=\"Formulario de contacto\" novalidate=\"novalidate\" data-status=\"init\">\n<div style=\"display: none;\">\n<input type=\"hidden\" name=\"_wpcf7\" value=\"1498\" \/>\n<input type=\"hidden\" name=\"_wpcf7_version\" value=\"6.0.6\" \/>\n<input type=\"hidden\" name=\"_wpcf7_locale\" value=\"es_ES\" \/>\n<input type=\"hidden\" name=\"_wpcf7_unit_tag\" value=\"wpcf7-f1498-o1\" \/>\n<input type=\"hidden\" name=\"_wpcf7_container_post\" value=\"0\" \/>\n<input type=\"hidden\" name=\"_wpcf7_posted_data_hash\" value=\"\" \/>\n<input type=\"hidden\" name=\"_wpcf7_recaptcha_response\" value=\"\" \/>\n<\/div>\n<p><label> Nombre y apellidos<br \/>\n<span class=\"wpcf7-form-control-wrap\" data-name=\"your-name\"><input size=\"40\" maxlength=\"400\" class=\"wpcf7-form-control wpcf7-text wpcf7-validates-as-required\" aria-required=\"true\" aria-invalid=\"false\" value=\"\" type=\"text\" name=\"your-name\" \/><\/span> <\/label>\n<\/p>\n<p><label> Empresa<br \/>\n<span class=\"wpcf7-form-control-wrap\" data-name=\"your-company\"><input size=\"40\" maxlength=\"400\" class=\"wpcf7-form-control wpcf7-text\" aria-invalid=\"false\" value=\"\" type=\"text\" name=\"your-company\" \/><\/span> <\/label>\n<\/p>\n<p><label> Email<br \/>\n<span class=\"wpcf7-form-control-wrap\" data-name=\"your-email\"><input size=\"40\" maxlength=\"400\" class=\"wpcf7-form-control wpcf7-email wpcf7-validates-as-required wpcf7-text wpcf7-validates-as-email\" aria-required=\"true\" aria-invalid=\"false\" value=\"\" type=\"email\" name=\"your-email\" \/><\/span> <\/label>\n<\/p>\n<p><label> Tel\u00e9fono<br \/>\n<span class=\"wpcf7-form-control-wrap\" data-name=\"your-phone\"><input size=\"40\" maxlength=\"400\" class=\"wpcf7-form-control wpcf7-tel wpcf7-text wpcf7-validates-as-tel\" aria-invalid=\"false\" value=\"\" type=\"tel\" name=\"your-phone\" \/><\/span> <\/label>\n<\/p>\n<p><label> Asunto<br \/>\n<span class=\"wpcf7-form-control-wrap\" data-name=\"your-subject\"><input size=\"40\" maxlength=\"400\" class=\"wpcf7-form-control wpcf7-text wpcf7-validates-as-required\" aria-required=\"true\" aria-invalid=\"false\" value=\"\" type=\"text\" name=\"your-subject\" \/><\/span> <\/label>\n<\/p>\n<p><label> Mensaje (opcional)<br \/>\n<span class=\"wpcf7-form-control-wrap\" data-name=\"your-message\"><textarea cols=\"40\" rows=\"10\" maxlength=\"2000\" class=\"wpcf7-form-control wpcf7-textarea\" aria-invalid=\"false\" name=\"your-message\"><\/textarea><\/span> <\/label>\n<\/p>\n<p><input class=\"wpcf7-form-control wpcf7-submit has-spinner\" type=\"submit\" value=\"Enviar\" \/>\n<\/p><p style=\"display: none !important;\" class=\"akismet-fields-container\" data-prefix=\"_wpcf7_ak_\"><label>&#916;<textarea name=\"_wpcf7_ak_hp_textarea\" cols=\"45\" rows=\"8\" maxlength=\"100\"><\/textarea><\/label><input type=\"hidden\" id=\"ak_js_1\" name=\"_wpcf7_ak_js\" value=\"221\"\/><script>\ndocument.getElementById( \"ak_js_1\" ).setAttribute( \"value\", ( new Date() ).getTime() );\n<\/script>\n<\/p><div class=\"wpcf7-response-output\" aria-hidden=\"true\"><\/div>\n<\/form>\n<\/div>\n<\/div>\n","protected":false},"excerpt":{"rendered":"<p>Pangea Proyectos y Obras Contactar con: Pangea Proyectos y Obras Le damos la m\u00e1s cordial bienvenida a nuestra p\u00e1gina de contacto. Nos complace que est\u00e9 interesado en nuestros servicios, estamos aqu\u00ed para ayudarle a usted y a su empresa. En Pangea Proyectos y Obras, nos enorgullece ofrecer una amplia gama de servicios dise\u00f1ados para satisfacer &#8230; <a title=\"CONTACTO\" class=\"read-more\" href=\"https:\/\/www.grupopangea.es\/index.php\/contacto\/\" aria-label=\"Leer m\u00e1s sobre CONTACTO\">Leer m\u00e1s<\/a><\/p>\n","protected":false},"author":1,"featured_media":2995,"parent":0,"menu_order":3,"comment_status":"closed","ping_status":"closed","template":"","meta":{"footnotes":""},"class_list":["post-3021","page","type-page","status-publish","has-post-thumbnail"],"yoast_head":"<!-- This site is optimized with the Yoast SEO plugin v25.6 - https:\/\/yoast.com\/wordpress\/plugins\/seo\/ -->\n<title>CONTACTO | Pangea Proyectos y Obras<\/title>\n<meta name=\"description\" content=\"Contactar con: Pangea Proyectos y Obras. Contacto con: Gerencia y Administraci\u00f3n. Departamento Comercial. Departamento de Administraci\u00f3n.\" \/>\n<meta name=\"robots\" content=\"index, follow, max-snippet:-1, max-image-preview:large, max-video-preview:-1\" \/>\n<link rel=\"canonical\" href=\"https:\/\/www.grupopangea.es\/index.php\/contacto\/\" \/>\n<meta property=\"og:locale\" content=\"es_ES\" \/>\n<meta property=\"og:type\" content=\"article\" \/>\n<meta property=\"og:title\" content=\"CONTACTO | Pangea Proyectos y Obras\" \/>\n<meta property=\"og:description\" content=\"Contactar con: Pangea Proyectos y Obras. Contacto con: Gerencia y Administraci\u00f3n. Departamento Comercial. Departamento de Administraci\u00f3n.\" \/>\n<meta property=\"og:url\" content=\"https:\/\/www.grupopangea.es\/index.php\/contacto\/\" \/>\n<meta property=\"og:site_name\" content=\"Pangea Proyectos y Obras\" \/>\n<meta property=\"article:modified_time\" content=\"2024-08-30T11:42:57+00:00\" \/>\n<meta property=\"og:image\" content=\"https:\/\/www.grupopangea.es\/wp-content\/uploads\/2024\/03\/Pangea-Cabecera_webp_1200x360-66kb.webp\" \/>\n\t<meta property=\"og:image:width\" content=\"1200\" \/>\n\t<meta property=\"og:image:height\" content=\"360\" \/>\n\t<meta property=\"og:image:type\" content=\"image\/webp\" \/>\n<meta name=\"twitter:card\" content=\"summary_large_image\" \/>\n<meta name=\"twitter:label1\" content=\"Tiempo de lectura\" \/>\n\t<meta name=\"twitter:data1\" content=\"2 minutos\" \/>\n<!-- \/ Yoast SEO plugin. -->","yoast_head_json":{"title":"CONTACTO | Pangea Proyectos y Obras","description":"Contactar con: Pangea Proyectos y Obras. Contacto con: Gerencia y Administraci\u00f3n. Departamento Comercial. Departamento de Administraci\u00f3n.","robots":{"index":"index","follow":"follow","max-snippet":"max-snippet:-1","max-image-preview":"max-image-preview:large","max-video-preview":"max-video-preview:-1"},"canonical":"https:\/\/www.grupopangea.es\/index.php\/contacto\/","og_locale":"es_ES","og_type":"article","og_title":"CONTACTO | Pangea Proyectos y Obras","og_description":"Contactar con: Pangea Proyectos y Obras. Contacto con: Gerencia y Administraci\u00f3n. Departamento Comercial. Departamento de Administraci\u00f3n.","og_url":"https:\/\/www.grupopangea.es\/index.php\/contacto\/","og_site_name":"Pangea Proyectos y Obras","article_modified_time":"2024-08-30T11:42:57+00:00","og_image":[{"width":1200,"height":360,"url":"https:\/\/www.grupopangea.es\/wp-content\/uploads\/2024\/03\/Pangea-Cabecera_webp_1200x360-66kb.webp","type":"image\/webp"}],"twitter_card":"summary_large_image","twitter_misc":{"Tiempo de lectura":"2 minutos"},"schema":{"@context":"https:\/\/schema.org","@graph":[{"@type":"WebPage","@id":"https:\/\/www.grupopangea.es\/index.php\/contacto\/","url":"https:\/\/www.grupopangea.es\/index.php\/contacto\/","name":"CONTACTO | Pangea Proyectos y Obras","isPartOf":{"@id":"https:\/\/www.grupopangea.es\/#website"},"primaryImageOfPage":{"@id":"https:\/\/www.grupopangea.es\/index.php\/contacto\/#primaryimage"},"image":{"@id":"https:\/\/www.grupopangea.es\/index.php\/contacto\/#primaryimage"},"thumbnailUrl":"https:\/\/www.grupopangea.es\/wp-content\/uploads\/2024\/03\/Pangea-Cabecera_webp_1200x360-66kb.webp","datePublished":"2024-05-23T08:10:23+00:00","dateModified":"2024-08-30T11:42:57+00:00","description":"Contactar con: Pangea Proyectos y Obras. Contacto con: Gerencia y Administraci\u00f3n. Departamento Comercial. Departamento de Administraci\u00f3n.","breadcrumb":{"@id":"https:\/\/www.grupopangea.es\/index.php\/contacto\/#breadcrumb"},"inLanguage":"es","potentialAction":[{"@type":"ReadAction","target":["https:\/\/www.grupopangea.es\/index.php\/contacto\/"]}]},{"@type":"ImageObject","inLanguage":"es","@id":"https:\/\/www.grupopangea.es\/index.php\/contacto\/#primaryimage","url":"https:\/\/www.grupopangea.es\/wp-content\/uploads\/2024\/03\/Pangea-Cabecera_webp_1200x360-66kb.webp","contentUrl":"https:\/\/www.grupopangea.es\/wp-content\/uploads\/2024\/03\/Pangea-Cabecera_webp_1200x360-66kb.webp","width":1200,"height":360,"caption":"Pangea Proyectos y Obras - Cubierta Deck"},{"@type":"BreadcrumbList","@id":"https:\/\/www.grupopangea.es\/index.php\/contacto\/#breadcrumb","itemListElement":[{"@type":"ListItem","position":1,"name":"Portada","item":"https:\/\/www.grupopangea.es\/"},{"@type":"ListItem","position":2,"name":"CONTACTO"}]},{"@type":"WebSite","@id":"https:\/\/www.grupopangea.es\/#website","url":"https:\/\/www.grupopangea.es\/","name":"Pangea Proyectos y Obras","description":"Expertos en impermeabilizaci\u00f3n y aislamiento de cubiertas","publisher":{"@id":"https:\/\/www.grupopangea.es\/#organization"},"potentialAction":[{"@type":"SearchAction","target":{"@type":"EntryPoint","urlTemplate":"https:\/\/www.grupopangea.es\/?s={search_term_string}"},"query-input":{"@type":"PropertyValueSpecification","valueRequired":true,"valueName":"search_term_string"}}],"inLanguage":"es"},{"@type":"Organization","@id":"https:\/\/www.grupopangea.es\/#organization","name":"Pangea Proyectos y Obras","url":"https:\/\/www.grupopangea.es\/","logo":{"@type":"ImageObject","inLanguage":"es","@id":"https:\/\/www.grupopangea.es\/#\/schema\/logo\/image\/","url":"https:\/\/www.grupopangea.es\/wp-content\/uploads\/2024\/02\/Pangea-Logo-webp-7kb-150X116.webp","contentUrl":"https:\/\/www.grupopangea.es\/wp-content\/uploads\/2024\/02\/Pangea-Logo-webp-7kb-150X116.webp","width":150,"height":116,"caption":"Pangea Proyectos y Obras"},"image":{"@id":"https:\/\/www.grupopangea.es\/#\/schema\/logo\/image\/"}}]}},"_links":{"self":[{"href":"https:\/\/www.grupopangea.es\/index.php\/wp-json\/wp\/v2\/pages\/3021"}],"collection":[{"href":"https:\/\/www.grupopangea.es\/index.php\/wp-json\/wp\/v2\/pages"}],"about":[{"href":"https:\/\/www.grupopangea.es\/index.php\/wp-json\/wp\/v2\/types\/page"}],"author":[{"embeddable":true,"href":"https:\/\/www.grupopangea.es\/index.php\/wp-json\/wp\/v2\/users\/1"}],"replies":[{"embeddable":true,"href":"https:\/\/www.grupopangea.es\/index.php\/wp-json\/wp\/v2\/comments?post=3021"}],"version-history":[{"count":60,"href":"https:\/\/www.grupopangea.es\/index.php\/wp-json\/wp\/v2\/pages\/3021\/revisions"}],"predecessor-version":[{"id":3699,"href":"https:\/\/www.grupopangea.es\/index.php\/wp-json\/wp\/v2\/pages\/3021\/revisions\/3699"}],"wp:featuredmedia":[{"embeddable":true,"href":"https:\/\/www.grupopangea.es\/index.php\/wp-json\/wp\/v2\/media\/2995"}],"wp:attachment":[{"href":"https:\/\/www.grupopangea.es\/index.php\/wp-json\/wp\/v2\/media?parent=3021"}],"curies":[{"name":"wp","href":"https:\/\/api.w.org\/{rel}","templated":true}]}}