{"id":31,"date":"2019-10-15T11:25:49","date_gmt":"2019-10-15T10:25:49","guid":{"rendered":"http:\/\/localhost\/?page_id=31"},"modified":"2024-06-18T12:05:49","modified_gmt":"2024-06-18T11:05:49","slug":"revestimientos-metalicos","status":"publish","type":"page","link":"https:\/\/www.grupopangea.es\/index.php\/servicios\/revestimientos-metalicos\/","title":{"rendered":"Revestimientos Met\u00e1licos"},"content":{"rendered":"\n<h1 class=\"wp-block-heading\"><strong>Revestimientos Met\u00e1licos<\/strong><span id=\"display-none\"> | Pangea Proyectos y Obras<\/span><\/h1>\n\n\n\n<p>Los revestimientos met\u00e1licos, son materiales de construcci\u00f3n, que se utilizan para proteger y embellecer las fachadas y cubiertas las de los edificios. Estos revestimientos son capas protectoras, que se colocan sobre superficies, con el objetivo de mejorar sus propiedades, incrementar su resistencia y prolongar su vida \u00fatil.<\/p>\n\n\n\n<h2 class=\"wp-block-heading\"><strong>Ejecuci\u00f3n de fachadas y cubiertas mediante revestimientos met\u00e1licos:<\/strong><\/h2>\n\n\n\n<h4 class=\"wp-block-heading\" id=\"display-none\">Chapa simple. Trapezoidal y minionda, en acero o aluminio.<\/h4>\n\n\n\n<p>1. <span class=\"subrayar\">Chapa simple, trapezoidal y minionda, en acero o aluminio<\/span>: Estos son tipos de chapas met\u00e1licas utilizadas en la construcci\u00f3n. La chapa trapezoidal y la chapa minionda se refieren a la forma del perfil de la chapa. Estas chapas pueden ser de acero o aluminio, y se utilizan para revestimientos exteriores de fachadas, ofreciendo ventajas como facilidad y rapidez de montaje, versatilidad de colocaci\u00f3n y resistencia a agresiones ambientales.<\/p>\n\n\n\n<h4 class=\"wp-block-heading\" id=\"display-none\">Panel S\u00e1ndwich In Situ, con aislamiento t\u00e9rmico y ac\u00fastico. De fibra de vidrio o lana de roca.<\/h4>\n\n\n\n<p>2. <span class=\"subrayar\">Panel S\u00e1ndwich In Situ<\/span>, con aislamiento t\u00e9rmico y ac\u00fastico, de fibra de vidrio o lana de roca, con doble chapa lacada trapezoidal, minionda o bandeja: Este es un tipo de panel s\u00e1ndwich que se instala en el lugar de la construcci\u00f3n. Est\u00e1 compuesto por dos chapas (trapezoidales, miniondas o bandejas) y un n\u00facleo de aislamiento t\u00e9rmico y ac\u00fastico de fibra de vidrio o lana de roca. Este tipo de panel ofrece un alto nivel de aislamiento, t\u00e9rmico y ac\u00fastico, lo que contribuye a la eficiencia energ\u00e9tica, y al confort ac\u00fastico, de los edificios.<\/p>\n\n\n\n<h4 class=\"wp-block-heading\" id=\"display-none\">Panel s\u00e1ndwich prefabricado, con doble chapa de acero lacada y n\u00facleo de aislamiento t\u00e9rmico. De poliuretano o poliisocianurato. Y lana de roca. (cuando se requiera aislamiento ac\u00fastico y absorci\u00f3n ac\u00fastica, as\u00ed como resistencia al fuego).<\/h4>\n\n\n\n<p>3. <span class=\"subrayar\">Panel s\u00e1ndwich prefabricado<\/span>, con doble chapa de acero lacada y n\u00facleo de aislamiento t\u00e9rmico: de poliuretano o poliisocianurato y lana de roca (cuando se requiera aislamiento ac\u00fastico y absorci\u00f3n ac\u00fastica, as\u00ed como resistencia al fuego). Este es un tipo de panel s\u00e1ndwich que se fabrica previamente y luego se instala en el lugar de la construcci\u00f3n. Est\u00e1 compuesto por dos chapas de acero lacadas y un n\u00facleo de aislamiento t\u00e9rmico de poliuretano o poliisocianurato. Cuando se requiere aislamiento ac\u00fastico, absorci\u00f3n ac\u00fastica y resistencia al fuego, se utiliza lana de roca en el n\u00facleo. Este tipo de panel ofrece excelentes propiedades, de aislamiento t\u00e9rmico y ac\u00fastico, as\u00ed como alta resistencia al fuego.<\/p>\n\n\n\n<h3 class=\"wp-block-heading\" id=\"display-none\">Montaje de lucernarios en cubiertas (simples y dobles). A base de placas de policarbonato poli\u00e9ster y acrilit, as\u00ed como de aireadores est\u00e1ticos.<\/h3>\n\n\n\n<p>4. <span class=\"subrayar\">Montaje de lucernarios en cubiertas<\/span> (simples y dobles) a base de placas de policarbonato poli\u00e9ster y acrilit, as\u00ed como de aireadores est\u00e1ticos: Los lucernarios son ventanas, que se instalan en la cubierta de un edificio, para permitir la entrada de luz natural. Pueden ser simples o dobles, y se fabrican con placas de policarbonato poli\u00e9ster o acrilit. Los lucernarios tambi\u00e9n pueden incluir aireadores est\u00e1ticos, que permiten la ventilaci\u00f3n del espacio interior. La instalaci\u00f3n de lucernarios puede mejorar la iluminaci\u00f3n natural y la eficiencia energ\u00e9tica de un edificio.<\/p>\n\n\n\n<h2 class=\"wp-block-heading\"><strong>Beneficios de los Revestimientos Met\u00e1licos<\/strong><\/h2>\n\n\n\n<p>Los revestimientos met\u00e1licos, ofrecen una serie de beneficios significativos en la construcci\u00f3n y rehabilitaci\u00f3n de fachadas, en edificios y naves industriales:<\/p>\n\n\n\n<p>1. <strong>Durabilidad:<\/strong> Los revestimientos met\u00e1licos son muy duraderos y resistentes, a las condiciones clim\u00e1ticas adversas. Esto significa, que la ubicaci\u00f3n geogr\u00e1fica juega un papel decisivo en la vida \u00fatil prevista.<\/p>\n\n\n\n<p>2. <strong>Resistencia al fuego:<\/strong> Este es uno de los puntos a favor m\u00e1s importantes de los revestimientos met\u00e1licos.<\/p>\n\n\n\n<p>3. <strong>Aislamiento t\u00e9rmico y ac\u00fastico:<\/strong> Si se opta por una fachada ventilada, o un revestimiento con buenas propiedades termoaislantes, es posible minimizar notablemente las p\u00e9rdidas t\u00e9rmicas del edificio. Obteniendo beneficios relevantes en cuanto al confort interno, y los gastos destinados a la climatizaci\u00f3n.<\/p>\n\n\n\n<p>4. <strong>Factores ambientales:<\/strong> Los revestimientos met\u00e1licos, son considerados como una opci\u00f3n de alta gama y moderna, en la decoraci\u00f3n de interiores y exteriores.<\/p>\n\n\n\n<p>5. <strong>Expansi\u00f3n y contracci\u00f3n:<\/strong> Los revestimientos met\u00e1licos son muy vers\u00e1tiles, ya que se pueden encontrar en diferentes acabados y colores, lo que permite adaptarse a cualquier estilo de decoraci\u00f3n.<\/p>\n\n\n\n<p>6. <strong>Instalaci\u00f3n sencilla y r\u00e1pida:<\/strong> Su instalaci\u00f3n, es relativamente sencilla y r\u00e1pida, lo que reduce los tiempos de obra y minimiza los costos.<\/p>\n\n\n\n<p>7. <strong>Resistencia a la humedad:<\/strong> Otra ventaja importante de los revestimientos met\u00e1licos es su resistencia a la humedad.<\/p>\n\n\n\n<p>8. <strong>Est\u00e9tica moderna y atractiva:<\/strong> Los revestimientos met\u00e1licos, no solo ofrecen una est\u00e9tica moderna y atractiva, sino que tambi\u00e9n suponen muchas ventajas para el edificio.<\/p>\n\n\n\n<h3 class=\"wp-block-heading\"><strong>Resumen de los Revestimientos Met\u00e1licos<\/strong><\/h3>\n\n\n\n<p>En resumen, los revestimientos met\u00e1licos son una opci\u00f3n excelente para cualquier proyecto de construcci\u00f3n, ya que ofrecen una combinaci\u00f3n de durabilidad, est\u00e9tica y funcionalidad, que es dif\u00edcil de superar, ideales para aquellos que buscan un estilo moderno y sofisticado, sin sacrificar la funcionalidad y la seguridad. Abajo, dej\u00f3 algunos ejemplos de los Revestimientos Met\u00e1licos realizados por Pangea Proyectos y Obras:<\/p>\n\n\n\n<p><strong><a href=\"https:\/\/www.grupopangea.es\/index.php\/obras-realizadas\/cerramientos-de-fachada\/loomis-alicante\/\" title=\"Edificio Loomis (Alicante)\" target=\"blank\" rel=\"noopener\">&#8211; Edificio Loomis (Alicante)<\/a><\/strong><\/p>\n\n\n\n<p><strong><a href=\"https:\/\/www.grupopangea.es\/index.php\/obras-realizadas\/cerramientos-de-fachada\/edificio-loomis-barcelona\/\" title=\"Edificio Loomis. El Prat de Llobregat (Barcelona)\" target=\"blank\" rel=\"noopener\">&#8211; Edificio Loomis. El Prat de Llobregat (Barcelona)<\/a><\/strong><\/p>\n\n\n\n<p class=\"has-text-align-center\" id=\"solicitar_presupuesto\"><a title=\"Contactar con Gerencia y Administraci\u00f3n de Pangea\" href=\"mailto:angelsanchez@grupopangea.es?subject=Presupuesto: Revestimientos Met\u00e1licos. Pangea\">Solicitar Presupuesto para la Ejecuci\u00f3n de Fachadas mediante Revestimientos Met\u00e1licos.<\/a><\/p>\n\n\n\n<p class=\"has-text-align-center\" id=\"solicitar_presupuesto\"><a title=\"Servicios de Pangea Proyectos y Obras\" href=\"https:\/\/www.grupopangea.es#ancla_servicios\" target=\"blank\" rel=\"noopener\">Ver otros Servicios ofrecidos por: Pangea Proyectos y Obras, S.L.<\/a><\/p>\n","protected":false},"excerpt":{"rendered":"<p>Revestimientos Met\u00e1licos | Pangea Proyectos y Obras Los revestimientos met\u00e1licos, son materiales de construcci\u00f3n, que se utilizan para proteger y embellecer las fachadas y cubiertas las de los edificios. Estos revestimientos son capas protectoras, que se colocan sobre superficies, con el objetivo de mejorar sus propiedades, incrementar su resistencia y prolongar su vida \u00fatil. Ejecuci\u00f3n &#8230; <a title=\"Revestimientos Met\u00e1licos\" class=\"read-more\" href=\"https:\/\/www.grupopangea.es\/index.php\/servicios\/revestimientos-metalicos\/\" aria-label=\"Leer m\u00e1s sobre Revestimientos Met\u00e1licos\">Leer m\u00e1s<\/a><\/p>\n","protected":false},"author":1,"featured_media":3064,"parent":12,"menu_order":3,"comment_status":"closed","ping_status":"closed","template":"","meta":{"footnotes":""},"class_list":["post-31","page","type-page","status-publish","has-post-thumbnail"],"yoast_head":"<!-- This site is optimized with the Yoast SEO plugin v25.6 - https:\/\/yoast.com\/wordpress\/plugins\/seo\/ -->\n<title>Revestimientos Met\u00e1licos | Pangea Proyectos y Obras<\/title>\n<meta name=\"description\" content=\"Los revestimientos met\u00e1licos son materiales de construcci\u00f3n que se usan para proteger y embellecer las fachadas y cubiertas de los edificios.\" \/>\n<meta name=\"robots\" content=\"index, follow, max-snippet:-1, max-image-preview:large, max-video-preview:-1\" \/>\n<link rel=\"canonical\" href=\"https:\/\/www.grupopangea.es\/index.php\/servicios\/revestimientos-metalicos\/\" \/>\n<meta property=\"og:locale\" content=\"es_ES\" \/>\n<meta property=\"og:type\" content=\"article\" \/>\n<meta property=\"og:title\" content=\"Revestimientos Met\u00e1licos | Pangea Proyectos y Obras\" \/>\n<meta property=\"og:description\" content=\"Los revestimientos met\u00e1licos son materiales de construcci\u00f3n que se usan para proteger y embellecer las fachadas y cubiertas de los edificios.\" \/>\n<meta property=\"og:url\" content=\"https:\/\/www.grupopangea.es\/index.php\/servicios\/revestimientos-metalicos\/\" \/>\n<meta property=\"og:site_name\" content=\"Pangea Proyectos y Obras\" \/>\n<meta property=\"article:modified_time\" content=\"2024-06-18T11:05:49+00:00\" \/>\n<meta property=\"og:image\" content=\"https:\/\/www.grupopangea.es\/wp-content\/uploads\/2024\/04\/Revestimientos-metalicos.-Pangea.-1200x360-1.webp\" \/>\n\t<meta property=\"og:image:width\" content=\"1200\" \/>\n\t<meta property=\"og:image:height\" content=\"360\" \/>\n\t<meta property=\"og:image:type\" content=\"image\/webp\" \/>\n<meta name=\"twitter:card\" content=\"summary_large_image\" \/>\n<meta name=\"twitter:label1\" content=\"Tiempo de lectura\" \/>\n\t<meta name=\"twitter:data1\" content=\"5 minutos\" \/>\n<!-- \/ Yoast SEO plugin. -->","yoast_head_json":{"title":"Revestimientos Met\u00e1licos | Pangea Proyectos y Obras","description":"Los revestimientos met\u00e1licos son materiales de construcci\u00f3n que se usan para proteger y embellecer las fachadas y cubiertas de los edificios.","robots":{"index":"index","follow":"follow","max-snippet":"max-snippet:-1","max-image-preview":"max-image-preview:large","max-video-preview":"max-video-preview:-1"},"canonical":"https:\/\/www.grupopangea.es\/index.php\/servicios\/revestimientos-metalicos\/","og_locale":"es_ES","og_type":"article","og_title":"Revestimientos Met\u00e1licos | Pangea Proyectos y Obras","og_description":"Los revestimientos met\u00e1licos son materiales de construcci\u00f3n que se usan para proteger y embellecer las fachadas y cubiertas de los edificios.","og_url":"https:\/\/www.grupopangea.es\/index.php\/servicios\/revestimientos-metalicos\/","og_site_name":"Pangea Proyectos y Obras","article_modified_time":"2024-06-18T11:05:49+00:00","og_image":[{"width":1200,"height":360,"url":"https:\/\/www.grupopangea.es\/wp-content\/uploads\/2024\/04\/Revestimientos-metalicos.-Pangea.-1200x360-1.webp","type":"image\/webp"}],"twitter_card":"summary_large_image","twitter_misc":{"Tiempo de lectura":"5 minutos"},"schema":{"@context":"https:\/\/schema.org","@graph":[{"@type":"WebPage","@id":"https:\/\/www.grupopangea.es\/index.php\/servicios\/revestimientos-metalicos\/","url":"https:\/\/www.grupopangea.es\/index.php\/servicios\/revestimientos-metalicos\/","name":"Revestimientos Met\u00e1licos | Pangea Proyectos y Obras","isPartOf":{"@id":"https:\/\/www.grupopangea.es\/#website"},"primaryImageOfPage":{"@id":"https:\/\/www.grupopangea.es\/index.php\/servicios\/revestimientos-metalicos\/#primaryimage"},"image":{"@id":"https:\/\/www.grupopangea.es\/index.php\/servicios\/revestimientos-metalicos\/#primaryimage"},"thumbnailUrl":"https:\/\/www.grupopangea.es\/wp-content\/uploads\/2024\/04\/Revestimientos-metalicos.-Pangea.-1200x360-1.webp","datePublished":"2019-10-15T10:25:49+00:00","dateModified":"2024-06-18T11:05:49+00:00","description":"Los revestimientos met\u00e1licos son materiales de construcci\u00f3n que se usan para proteger y embellecer las fachadas y cubiertas de los edificios.","breadcrumb":{"@id":"https:\/\/www.grupopangea.es\/index.php\/servicios\/revestimientos-metalicos\/#breadcrumb"},"inLanguage":"es","potentialAction":[{"@type":"ReadAction","target":["https:\/\/www.grupopangea.es\/index.php\/servicios\/revestimientos-metalicos\/"]}]},{"@type":"ImageObject","inLanguage":"es","@id":"https:\/\/www.grupopangea.es\/index.php\/servicios\/revestimientos-metalicos\/#primaryimage","url":"https:\/\/www.grupopangea.es\/wp-content\/uploads\/2024\/04\/Revestimientos-metalicos.-Pangea.-1200x360-1.webp","contentUrl":"https:\/\/www.grupopangea.es\/wp-content\/uploads\/2024\/04\/Revestimientos-metalicos.-Pangea.-1200x360-1.webp","width":1200,"height":360,"caption":"Revestimientos met\u00e1licos. Pangea."},{"@type":"BreadcrumbList","@id":"https:\/\/www.grupopangea.es\/index.php\/servicios\/revestimientos-metalicos\/#breadcrumb","itemListElement":[{"@type":"ListItem","position":1,"name":"Portada","item":"https:\/\/www.grupopangea.es\/"},{"@type":"ListItem","position":2,"name":"SERVICIOS","item":"https:\/\/www.grupopangea.es\/index.php\/servicios\/"},{"@type":"ListItem","position":3,"name":"Revestimientos Met\u00e1licos"}]},{"@type":"WebSite","@id":"https:\/\/www.grupopangea.es\/#website","url":"https:\/\/www.grupopangea.es\/","name":"Pangea Proyectos y Obras","description":"Expertos en impermeabilizaci\u00f3n y aislamiento de cubiertas","publisher":{"@id":"https:\/\/www.grupopangea.es\/#organization"},"potentialAction":[{"@type":"SearchAction","target":{"@type":"EntryPoint","urlTemplate":"https:\/\/www.grupopangea.es\/?s={search_term_string}"},"query-input":{"@type":"PropertyValueSpecification","valueRequired":true,"valueName":"search_term_string"}}],"inLanguage":"es"},{"@type":"Organization","@id":"https:\/\/www.grupopangea.es\/#organization","name":"Pangea Proyectos y Obras","url":"https:\/\/www.grupopangea.es\/","logo":{"@type":"ImageObject","inLanguage":"es","@id":"https:\/\/www.grupopangea.es\/#\/schema\/logo\/image\/","url":"https:\/\/www.grupopangea.es\/wp-content\/uploads\/2024\/02\/Pangea-Logo-webp-7kb-150X116.webp","contentUrl":"https:\/\/www.grupopangea.es\/wp-content\/uploads\/2024\/02\/Pangea-Logo-webp-7kb-150X116.webp","width":150,"height":116,"caption":"Pangea Proyectos y Obras"},"image":{"@id":"https:\/\/www.grupopangea.es\/#\/schema\/logo\/image\/"}}]}},"_links":{"self":[{"href":"https:\/\/www.grupopangea.es\/index.php\/wp-json\/wp\/v2\/pages\/31"}],"collection":[{"href":"https:\/\/www.grupopangea.es\/index.php\/wp-json\/wp\/v2\/pages"}],"about":[{"href":"https:\/\/www.grupopangea.es\/index.php\/wp-json\/wp\/v2\/types\/page"}],"author":[{"embeddable":true,"href":"https:\/\/www.grupopangea.es\/index.php\/wp-json\/wp\/v2\/users\/1"}],"replies":[{"embeddable":true,"href":"https:\/\/www.grupopangea.es\/index.php\/wp-json\/wp\/v2\/comments?post=31"}],"version-history":[{"count":27,"href":"https:\/\/www.grupopangea.es\/index.php\/wp-json\/wp\/v2\/pages\/31\/revisions"}],"predecessor-version":[{"id":3387,"href":"https:\/\/www.grupopangea.es\/index.php\/wp-json\/wp\/v2\/pages\/31\/revisions\/3387"}],"up":[{"embeddable":true,"href":"https:\/\/www.grupopangea.es\/index.php\/wp-json\/wp\/v2\/pages\/12"}],"wp:featuredmedia":[{"embeddable":true,"href":"https:\/\/www.grupopangea.es\/index.php\/wp-json\/wp\/v2\/media\/3064"}],"wp:attachment":[{"href":"https:\/\/www.grupopangea.es\/index.php\/wp-json\/wp\/v2\/media?parent=31"}],"curies":[{"name":"wp","href":"https:\/\/api.w.org\/{rel}","templated":true}]}}