{"id":42,"date":"2019-10-15T11:35:06","date_gmt":"2019-10-15T10:35:06","guid":{"rendered":"http:\/\/localhost\/?page_id=42"},"modified":"2024-06-18T12:06:22","modified_gmt":"2024-06-18T11:06:22","slug":"proyectos-de-arquitectura","status":"publish","type":"page","link":"https:\/\/www.grupopangea.es\/index.php\/servicios\/proyectos-de-arquitectura\/","title":{"rendered":"Proyectos de Arquitectura"},"content":{"rendered":"\n<h2 class=\"wp-block-heading\"><strong>Proyectos de Arquitectura<\/strong><\/h2>\n\n\n\n<ul class=\"wp-block-list\"><li>Proyectos de Edificaci\u00f3n.<\/li><li>Proyectos de Naves Industriales.<\/li><li>Proyectos de Locales Comerciales.<\/li><li>Proyectos de Demolici\u00f3n.<\/li><li>Proyectos de Rehabilitaci\u00f3n.&nbsp;<\/li><li>Proyectos de Legalizaci\u00f3n.<\/li><\/ul>\n\n\n\n<h2 class=\"wp-block-heading\"><strong>Estudios<\/strong><\/h2>\n\n\n\n<ul class=\"wp-block-list\"><li>Estudios de Seguridad y Salud.<\/li><li>Planes de Seguridad y Salud.<\/li><\/ul>\n\n\n\n<h2 class=\"wp-block-heading\"><strong>Direcciones de obra<\/strong><\/h2>\n\n\n\n<ul class=\"wp-block-list\"><li> Direcci\u00f3n de Ejecuci\u00f3n material de obras de edificaci\u00f3n. <\/li><\/ul>\n\n\n\n<p><\/p>\n","protected":false},"excerpt":{"rendered":"<p>Proyectos de Arquitectura Proyectos de Edificaci\u00f3n. Proyectos de Naves Industriales. Proyectos de Locales Comerciales. Proyectos de Demolici\u00f3n. Proyectos de Rehabilitaci\u00f3n.&nbsp; Proyectos de Legalizaci\u00f3n. Estudios Estudios de Seguridad y Salud. Planes de Seguridad y Salud. Direcciones de obra Direcci\u00f3n de Ejecuci\u00f3n material de obras de edificaci\u00f3n.<\/p>\n","protected":false},"author":1,"featured_media":1543,"parent":12,"menu_order":7,"comment_status":"closed","ping_status":"closed","template":"","meta":{"footnotes":""},"class_list":["post-42","page","type-page","status-publish","has-post-thumbnail"],"yoast_head":"<!-- This site is optimized with the Yoast SEO plugin v25.6 - https:\/\/yoast.com\/wordpress\/plugins\/seo\/ -->\n<title>Proyectos de Arquitectura | Pangea Proyectos y Obras<\/title>\n<meta name=\"robots\" content=\"index, follow, max-snippet:-1, max-image-preview:large, max-video-preview:-1\" \/>\n<link rel=\"canonical\" href=\"https:\/\/www.grupopangea.es\/index.php\/servicios\/proyectos-de-arquitectura\/\" \/>\n<meta property=\"og:locale\" content=\"es_ES\" \/>\n<meta property=\"og:type\" content=\"article\" \/>\n<meta property=\"og:title\" content=\"Proyectos de Arquitectura | Pangea Proyectos y Obras\" \/>\n<meta property=\"og:description\" content=\"Proyectos de Arquitectura Proyectos de Edificaci\u00f3n. Proyectos de Naves Industriales. Proyectos de Locales Comerciales. Proyectos de Demolici\u00f3n. Proyectos de Rehabilitaci\u00f3n.&nbsp; Proyectos de Legalizaci\u00f3n. Estudios Estudios de Seguridad y Salud. Planes de Seguridad y Salud. Direcciones de obra Direcci\u00f3n de Ejecuci\u00f3n material de obras de edificaci\u00f3n.\" \/>\n<meta property=\"og:url\" content=\"https:\/\/www.grupopangea.es\/index.php\/servicios\/proyectos-de-arquitectura\/\" \/>\n<meta property=\"og:site_name\" content=\"Pangea Proyectos y Obras\" \/>\n<meta property=\"article:modified_time\" content=\"2024-06-18T11:06:22+00:00\" \/>\n<meta property=\"og:image\" content=\"https:\/\/www.grupopangea.es\/wp-content\/uploads\/2021\/03\/architecture-1216055-banner.jpg\" \/>\n\t<meta property=\"og:image:width\" content=\"1200\" \/>\n\t<meta property=\"og:image:height\" content=\"290\" \/>\n\t<meta property=\"og:image:type\" content=\"image\/jpeg\" \/>\n<meta name=\"twitter:card\" content=\"summary_large_image\" \/>\n<!-- \/ Yoast SEO plugin. -->","yoast_head_json":{"title":"Proyectos de Arquitectura | Pangea Proyectos y Obras","robots":{"index":"index","follow":"follow","max-snippet":"max-snippet:-1","max-image-preview":"max-image-preview:large","max-video-preview":"max-video-preview:-1"},"canonical":"https:\/\/www.grupopangea.es\/index.php\/servicios\/proyectos-de-arquitectura\/","og_locale":"es_ES","og_type":"article","og_title":"Proyectos de Arquitectura | Pangea Proyectos y Obras","og_description":"Proyectos de Arquitectura Proyectos de Edificaci\u00f3n. Proyectos de Naves Industriales. Proyectos de Locales Comerciales. Proyectos de Demolici\u00f3n. Proyectos de Rehabilitaci\u00f3n.&nbsp; Proyectos de Legalizaci\u00f3n. Estudios Estudios de Seguridad y Salud. Planes de Seguridad y Salud. Direcciones de obra Direcci\u00f3n de Ejecuci\u00f3n material de obras de edificaci\u00f3n.","og_url":"https:\/\/www.grupopangea.es\/index.php\/servicios\/proyectos-de-arquitectura\/","og_site_name":"Pangea Proyectos y Obras","article_modified_time":"2024-06-18T11:06:22+00:00","og_image":[{"width":1200,"height":290,"url":"https:\/\/www.grupopangea.es\/wp-content\/uploads\/2021\/03\/architecture-1216055-banner.jpg","type":"image\/jpeg"}],"twitter_card":"summary_large_image","schema":{"@context":"https:\/\/schema.org","@graph":[{"@type":"WebPage","@id":"https:\/\/www.grupopangea.es\/index.php\/servicios\/proyectos-de-arquitectura\/","url":"https:\/\/www.grupopangea.es\/index.php\/servicios\/proyectos-de-arquitectura\/","name":"Proyectos de Arquitectura | Pangea Proyectos y Obras","isPartOf":{"@id":"https:\/\/www.grupopangea.es\/#website"},"primaryImageOfPage":{"@id":"https:\/\/www.grupopangea.es\/index.php\/servicios\/proyectos-de-arquitectura\/#primaryimage"},"image":{"@id":"https:\/\/www.grupopangea.es\/index.php\/servicios\/proyectos-de-arquitectura\/#primaryimage"},"thumbnailUrl":"https:\/\/www.grupopangea.es\/wp-content\/uploads\/2021\/03\/architecture-1216055-banner.jpg","datePublished":"2019-10-15T10:35:06+00:00","dateModified":"2024-06-18T11:06:22+00:00","breadcrumb":{"@id":"https:\/\/www.grupopangea.es\/index.php\/servicios\/proyectos-de-arquitectura\/#breadcrumb"},"inLanguage":"es","potentialAction":[{"@type":"ReadAction","target":["https:\/\/www.grupopangea.es\/index.php\/servicios\/proyectos-de-arquitectura\/"]}]},{"@type":"ImageObject","inLanguage":"es","@id":"https:\/\/www.grupopangea.es\/index.php\/servicios\/proyectos-de-arquitectura\/#primaryimage","url":"https:\/\/www.grupopangea.es\/wp-content\/uploads\/2021\/03\/architecture-1216055-banner.jpg","contentUrl":"https:\/\/www.grupopangea.es\/wp-content\/uploads\/2021\/03\/architecture-1216055-banner.jpg","width":1200,"height":290},{"@type":"BreadcrumbList","@id":"https:\/\/www.grupopangea.es\/index.php\/servicios\/proyectos-de-arquitectura\/#breadcrumb","itemListElement":[{"@type":"ListItem","position":1,"name":"Portada","item":"https:\/\/www.grupopangea.es\/"},{"@type":"ListItem","position":2,"name":"SERVICIOS","item":"https:\/\/www.grupopangea.es\/index.php\/servicios\/"},{"@type":"ListItem","position":3,"name":"Proyectos de Arquitectura"}]},{"@type":"WebSite","@id":"https:\/\/www.grupopangea.es\/#website","url":"https:\/\/www.grupopangea.es\/","name":"Pangea Proyectos y Obras","description":"Expertos en impermeabilizaci\u00f3n y aislamiento de cubiertas","publisher":{"@id":"https:\/\/www.grupopangea.es\/#organization"},"potentialAction":[{"@type":"SearchAction","target":{"@type":"EntryPoint","urlTemplate":"https:\/\/www.grupopangea.es\/?s={search_term_string}"},"query-input":{"@type":"PropertyValueSpecification","valueRequired":true,"valueName":"search_term_string"}}],"inLanguage":"es"},{"@type":"Organization","@id":"https:\/\/www.grupopangea.es\/#organization","name":"Pangea Proyectos y Obras","url":"https:\/\/www.grupopangea.es\/","logo":{"@type":"ImageObject","inLanguage":"es","@id":"https:\/\/www.grupopangea.es\/#\/schema\/logo\/image\/","url":"https:\/\/www.grupopangea.es\/wp-content\/uploads\/2024\/02\/Pangea-Logo-webp-7kb-150X116.webp","contentUrl":"https:\/\/www.grupopangea.es\/wp-content\/uploads\/2024\/02\/Pangea-Logo-webp-7kb-150X116.webp","width":150,"height":116,"caption":"Pangea Proyectos y Obras"},"image":{"@id":"https:\/\/www.grupopangea.es\/#\/schema\/logo\/image\/"}}]}},"_links":{"self":[{"href":"https:\/\/www.grupopangea.es\/index.php\/wp-json\/wp\/v2\/pages\/42"}],"collection":[{"href":"https:\/\/www.grupopangea.es\/index.php\/wp-json\/wp\/v2\/pages"}],"about":[{"href":"https:\/\/www.grupopangea.es\/index.php\/wp-json\/wp\/v2\/types\/page"}],"author":[{"embeddable":true,"href":"https:\/\/www.grupopangea.es\/index.php\/wp-json\/wp\/v2\/users\/1"}],"replies":[{"embeddable":true,"href":"https:\/\/www.grupopangea.es\/index.php\/wp-json\/wp\/v2\/comments?post=42"}],"version-history":[{"count":1,"href":"https:\/\/www.grupopangea.es\/index.php\/wp-json\/wp\/v2\/pages\/42\/revisions"}],"predecessor-version":[{"id":3564,"href":"https:\/\/www.grupopangea.es\/index.php\/wp-json\/wp\/v2\/pages\/42\/revisions\/3564"}],"up":[{"embeddable":true,"href":"https:\/\/www.grupopangea.es\/index.php\/wp-json\/wp\/v2\/pages\/12"}],"wp:featuredmedia":[{"embeddable":true,"href":"https:\/\/www.grupopangea.es\/index.php\/wp-json\/wp\/v2\/media\/1543"}],"wp:attachment":[{"href":"https:\/\/www.grupopangea.es\/index.php\/wp-json\/wp\/v2\/media?parent=42"}],"curies":[{"name":"wp","href":"https:\/\/api.w.org\/{rel}","templated":true}]}}