{"id":645,"date":"2019-11-20T11:45:02","date_gmt":"2019-11-20T10:45:02","guid":{"rendered":"http:\/\/gfw-nox\/wordpress\/?page_id=645"},"modified":"2024-06-19T09:47:34","modified_gmt":"2024-06-19T08:47:34","slug":"reabilitacion-cubierta-natuzzi-decimas-s-s-de-los-reyes","status":"publish","type":"page","link":"https:\/\/www.grupopangea.es\/index.php\/obras-realizadas\/rehabilitacion\/reabilitacion-cubierta-natuzzi-decimas-s-s-de-los-reyes\/","title":{"rendered":"Rehabilitaci\u00f3n cubierta Natuzzi-Decimas. S.S. de los Reyes"},"content":{"rendered":"<div id=\"pl-645\"  class=\"panel-layout\" ><div id=\"pg-645-0\"  class=\"panel-grid panel-no-style\" ><div id=\"pgc-645-0-0\"  class=\"panel-grid-cell\" ><div id=\"panel-645-0-0-0\" class=\"so-panel widget widget_sow-editor panel-first-child\" data-index=\"0\" ><div\n\t\t\t\n\t\t\tclass=\"so-widget-sow-editor so-widget-sow-editor-base\"\n\t\t\t\n\t\t>\n<div class=\"siteorigin-widget-tinymce textwidget\">\n\t<h2><strong>Rehabilitaci\u00f3n de cubierta en tiendas Natuzzi-D\u00e9cimas. San Sebasti\u00e1n de los Reyes (Madrid)<\/strong><\/h2>\n<\/div>\n<\/div><\/div><div id=\"panel-645-0-0-1\" class=\"so-panel widget widget_sow-slider panel-last-child\" data-index=\"1\" ><div\n\t\t\t\n\t\t\tclass=\"so-widget-sow-slider so-widget-sow-slider-default-6d39609536fd-645\"\n\t\t\t\n\t\t>\t\t\t\t<div class=\"sow-slider-base\" style=\"display: none\" tabindex=\"0\">\n\t\t\t\t\t<ul\n\t\t\t\t\tclass=\"sow-slider-images\"\n\t\t\t\t\tdata-settings=\"{&quot;pagination&quot;:true,&quot;speed&quot;:800,&quot;timeout&quot;:2200,&quot;paused&quot;:false,&quot;pause_on_hover&quot;:false,&quot;swipe&quot;:true,&quot;nav_always_show_desktop&quot;:&quot;&quot;,&quot;nav_always_show_mobile&quot;:true,&quot;breakpoint&quot;:&quot;780px&quot;,&quot;unmute&quot;:false,&quot;anchor&quot;:null}\"\n\t\t\t\t\t\t\t\t\t\tdata-anchor-id=\"\"\n\t\t\t\t>\t\t<li class=\"sow-slider-image\" style=\"visibility: visible;\" >\n\t\t\t\t\t\t<img decoding=\"async\" width=\"640\" height=\"366\" src=\"https:\/\/www.grupopangea.es\/wp-content\/uploads\/2019\/11\/natuzzi-01.jpg\" class=\"sow-slider-background-image\" alt=\"\" style=\"\" srcset=\"https:\/\/www.grupopangea.es\/wp-content\/uploads\/2019\/11\/natuzzi-01.jpg 640w, https:\/\/www.grupopangea.es\/wp-content\/uploads\/2019\/11\/natuzzi-01-300x172.jpg 300w\" sizes=\"(max-width: 640px) 100vw, 640px\" \/>\t\t<\/li>\n\t\t\t\t<li class=\"sow-slider-image\" style=\"visibility: hidden;\" >\n\t\t\t\t\t\t<img decoding=\"async\" width=\"383\" height=\"640\" src=\"https:\/\/www.grupopangea.es\/wp-content\/uploads\/2019\/11\/natuzzi-02.jpg\" class=\"sow-slider-background-image\" alt=\"\" style=\"\" srcset=\"https:\/\/www.grupopangea.es\/wp-content\/uploads\/2019\/11\/natuzzi-02.jpg 383w, https:\/\/www.grupopangea.es\/wp-content\/uploads\/2019\/11\/natuzzi-02-180x300.jpg 180w\" sizes=\"(max-width: 383px) 100vw, 383px\" \/>\t\t<\/li>\n\t\t\t\t<li class=\"sow-slider-image\" style=\"visibility: hidden;\" >\n\t\t\t\t\t\t<img decoding=\"async\" width=\"383\" height=\"640\" src=\"https:\/\/www.grupopangea.es\/wp-content\/uploads\/2019\/11\/natuzzi-04.jpg\" class=\"sow-slider-background-image\" alt=\"\" style=\"\" srcset=\"https:\/\/www.grupopangea.es\/wp-content\/uploads\/2019\/11\/natuzzi-04.jpg 383w, https:\/\/www.grupopangea.es\/wp-content\/uploads\/2019\/11\/natuzzi-04-180x300.jpg 180w\" sizes=\"(max-width: 383px) 100vw, 383px\" \/>\t\t<\/li>\n\t\t\t\t<li class=\"sow-slider-image\" style=\"visibility: hidden;\" >\n\t\t\t\t\t\t<img decoding=\"async\" width=\"640\" height=\"383\" src=\"https:\/\/www.grupopangea.es\/wp-content\/uploads\/2019\/11\/natuzzi-03.jpg\" class=\"sow-slider-background-image\" alt=\"\" style=\"\" srcset=\"https:\/\/www.grupopangea.es\/wp-content\/uploads\/2019\/11\/natuzzi-03.jpg 640w, https:\/\/www.grupopangea.es\/wp-content\/uploads\/2019\/11\/natuzzi-03-300x180.jpg 300w\" sizes=\"(max-width: 640px) 100vw, 640px\" \/>\t\t<\/li>\n\t\t\t\t<li class=\"sow-slider-image\" style=\"visibility: hidden;\" >\n\t\t\t\t\t\t<img decoding=\"async\" width=\"640\" height=\"480\" src=\"https:\/\/www.grupopangea.es\/wp-content\/uploads\/2019\/11\/natuzzi-05.jpg\" class=\"sow-slider-background-image\" alt=\"\" style=\"\" srcset=\"https:\/\/www.grupopangea.es\/wp-content\/uploads\/2019\/11\/natuzzi-05.jpg 640w, https:\/\/www.grupopangea.es\/wp-content\/uploads\/2019\/11\/natuzzi-05-300x225.jpg 300w\" sizes=\"(max-width: 640px) 100vw, 640px\" \/>\t\t<\/li>\n\t\t\t\t<li class=\"sow-slider-image\" style=\"visibility: hidden;\" >\n\t\t\t\t\t\t<img decoding=\"async\" width=\"480\" height=\"640\" src=\"https:\/\/www.grupopangea.es\/wp-content\/uploads\/2019\/11\/natuzzi-06-rotated-e1574246895597.jpg\" class=\"sow-slider-background-image\" alt=\"\" style=\"\" srcset=\"https:\/\/www.grupopangea.es\/wp-content\/uploads\/2019\/11\/natuzzi-06-rotated-e1574246895597.jpg 480w, https:\/\/www.grupopangea.es\/wp-content\/uploads\/2019\/11\/natuzzi-06-rotated-e1574246895597-225x300.jpg 225w\" sizes=\"(max-width: 480px) 100vw, 480px\" \/>\t\t<\/li>\n\t\t\t\t<li class=\"sow-slider-image\" style=\"visibility: hidden;\" >\n\t\t\t\t\t\t<img decoding=\"async\" width=\"517\" height=\"480\" src=\"https:\/\/www.grupopangea.es\/wp-content\/uploads\/2019\/11\/natuzzi-07-rotated-e1574246883590.jpg\" class=\"sow-slider-background-image\" alt=\"\" style=\"\" srcset=\"https:\/\/www.grupopangea.es\/wp-content\/uploads\/2019\/11\/natuzzi-07-rotated-e1574246883590.jpg 517w, https:\/\/www.grupopangea.es\/wp-content\/uploads\/2019\/11\/natuzzi-07-rotated-e1574246883590-300x279.jpg 300w\" sizes=\"(max-width: 517px) 100vw, 517px\" \/>\t\t<\/li>\n\t\t\t\t<li class=\"sow-slider-image\" style=\"visibility: hidden;\" >\n\t\t\t\t\t\t<img decoding=\"async\" width=\"480\" height=\"640\" src=\"https:\/\/www.grupopangea.es\/wp-content\/uploads\/2019\/11\/natuzzi-10-rotated-e1574246869932.jpg\" class=\"sow-slider-background-image\" alt=\"\" style=\"\" srcset=\"https:\/\/www.grupopangea.es\/wp-content\/uploads\/2019\/11\/natuzzi-10-rotated-e1574246869932.jpg 480w, https:\/\/www.grupopangea.es\/wp-content\/uploads\/2019\/11\/natuzzi-10-rotated-e1574246869932-225x300.jpg 225w\" sizes=\"(max-width: 480px) 100vw, 480px\" \/>\t\t<\/li>\n\t\t\t\t<li class=\"sow-slider-image\" style=\"visibility: hidden;\" >\n\t\t\t\t\t\t<img decoding=\"async\" width=\"640\" height=\"480\" src=\"https:\/\/www.grupopangea.es\/wp-content\/uploads\/2019\/11\/natuzzi-08.jpg\" class=\"sow-slider-background-image\" alt=\"\" style=\"\" srcset=\"https:\/\/www.grupopangea.es\/wp-content\/uploads\/2019\/11\/natuzzi-08.jpg 640w, https:\/\/www.grupopangea.es\/wp-content\/uploads\/2019\/11\/natuzzi-08-300x225.jpg 300w\" sizes=\"(max-width: 640px) 100vw, 640px\" \/>\t\t<\/li>\n\t\t\t\t<li class=\"sow-slider-image\" style=\"visibility: hidden;\" >\n\t\t\t\t\t\t<img decoding=\"async\" width=\"640\" height=\"383\" src=\"https:\/\/www.grupopangea.es\/wp-content\/uploads\/2019\/11\/natuzzi-09.jpg\" class=\"sow-slider-background-image\" alt=\"\" style=\"\" srcset=\"https:\/\/www.grupopangea.es\/wp-content\/uploads\/2019\/11\/natuzzi-09.jpg 640w, https:\/\/www.grupopangea.es\/wp-content\/uploads\/2019\/11\/natuzzi-09-300x180.jpg 300w\" sizes=\"(max-width: 640px) 100vw, 640px\" \/>\t\t<\/li>\n\t\t\t\t<li class=\"sow-slider-image\" style=\"visibility: hidden;\" >\n\t\t\t\t\t\t<img decoding=\"async\" width=\"640\" height=\"480\" src=\"https:\/\/www.grupopangea.es\/wp-content\/uploads\/2019\/11\/natuzzi-11.jpg\" class=\"sow-slider-background-image\" alt=\"\" style=\"\" srcset=\"https:\/\/www.grupopangea.es\/wp-content\/uploads\/2019\/11\/natuzzi-11.jpg 640w, https:\/\/www.grupopangea.es\/wp-content\/uploads\/2019\/11\/natuzzi-11-300x225.jpg 300w\" sizes=\"(max-width: 640px) 100vw, 640px\" \/>\t\t<\/li>\n\t\t<\/ul>\t\t\t\t<ol class=\"sow-slider-pagination\">\n\t\t\t\t\t\t\t\t\t\t\t<li><a href=\"#\" data-goto=\"0\" aria-label=\"mostrar diapositiva 1\"><\/a><\/li>\n\t\t\t\t\t\t\t\t\t\t\t<li><a href=\"#\" data-goto=\"1\" aria-label=\"mostrar diapositiva 2\"><\/a><\/li>\n\t\t\t\t\t\t\t\t\t\t\t<li><a href=\"#\" data-goto=\"2\" aria-label=\"mostrar diapositiva 3\"><\/a><\/li>\n\t\t\t\t\t\t\t\t\t\t\t<li><a href=\"#\" data-goto=\"3\" aria-label=\"mostrar diapositiva 4\"><\/a><\/li>\n\t\t\t\t\t\t\t\t\t\t\t<li><a href=\"#\" data-goto=\"4\" aria-label=\"mostrar diapositiva 5\"><\/a><\/li>\n\t\t\t\t\t\t\t\t\t\t\t<li><a href=\"#\" data-goto=\"5\" aria-label=\"mostrar diapositiva 6\"><\/a><\/li>\n\t\t\t\t\t\t\t\t\t\t\t<li><a href=\"#\" data-goto=\"6\" aria-label=\"mostrar diapositiva 7\"><\/a><\/li>\n\t\t\t\t\t\t\t\t\t\t\t<li><a href=\"#\" data-goto=\"7\" aria-label=\"mostrar diapositiva 8\"><\/a><\/li>\n\t\t\t\t\t\t\t\t\t\t\t<li><a href=\"#\" data-goto=\"8\" aria-label=\"mostrar diapositiva 9\"><\/a><\/li>\n\t\t\t\t\t\t\t\t\t\t\t<li><a href=\"#\" data-goto=\"9\" aria-label=\"mostrar diapositiva 10\"><\/a><\/li>\n\t\t\t\t\t\t\t\t\t\t\t<li><a href=\"#\" data-goto=\"10\" aria-label=\"mostrar diapositiva 11\"><\/a><\/li>\n\t\t\t\t\t\t\t\t\t<\/ol>\n\n\t\t\t\t<div class=\"sow-slide-nav sow-slide-nav-next\">\n\t\t\t\t\t<a href=\"#\" data-goto=\"next\" aria-label=\"diapositiva siguiente\" data-action=\"next\">\n\t\t\t\t\t\t<em class=\"sow-sld-icon-thin-right\"><\/em>\n\t\t\t\t\t<\/a>\n\t\t\t\t<\/div>\n\n\t\t\t\t<div class=\"sow-slide-nav sow-slide-nav-prev\">\n\t\t\t\t\t<a href=\"#\" data-goto=\"previous\" aria-label=\"diapositiva anterior\" data-action=\"prev\">\n\t\t\t\t\t\t<em class=\"sow-sld-icon-thin-left\"><\/em>\n\t\t\t\t\t<\/a>\n\t\t\t\t<\/div>\n\t\t\t\t<\/div><\/div><\/div><\/div><\/div><\/div>","protected":false},"excerpt":{"rendered":"<p>Rehabilitaci\u00f3n de cubierta en tiendas Natuzzi-D\u00e9cimas. San Sebasti\u00e1n de los Reyes (Madrid)<\/p>\n","protected":false},"author":1,"featured_media":0,"parent":160,"menu_order":9,"comment_status":"closed","ping_status":"closed","template":"","meta":{"footnotes":""},"class_list":["post-645","page","type-page","status-publish"],"yoast_head":"<!-- This site is optimized with the Yoast SEO plugin v25.6 - https:\/\/yoast.com\/wordpress\/plugins\/seo\/ -->\n<title>Rehabilitaci\u00f3n cubierta Natuzzi-Decimas. S.S. de los Reyes | Pangea Proyectos y Obras<\/title>\n<meta name=\"robots\" content=\"noindex, follow\" \/>\n<meta property=\"og:locale\" content=\"es_ES\" \/>\n<meta property=\"og:type\" content=\"article\" \/>\n<meta property=\"og:title\" content=\"Rehabilitaci\u00f3n cubierta Natuzzi-Decimas. S.S. de los Reyes | Pangea Proyectos y Obras\" \/>\n<meta property=\"og:description\" content=\"Rehabilitaci\u00f3n de cubierta en tiendas Natuzzi-D\u00e9cimas. San Sebasti\u00e1n de los Reyes (Madrid)\" \/>\n<meta property=\"og:url\" content=\"https:\/\/www.grupopangea.es\/index.php\/obras-realizadas\/rehabilitacion\/reabilitacion-cubierta-natuzzi-decimas-s-s-de-los-reyes\/\" \/>\n<meta property=\"og:site_name\" content=\"Pangea Proyectos y Obras\" \/>\n<meta property=\"article:modified_time\" content=\"2024-06-19T08:47:34+00:00\" \/>\n<meta name=\"twitter:card\" content=\"summary_large_image\" \/>\n<meta name=\"twitter:label1\" content=\"Tiempo de lectura\" \/>\n\t<meta name=\"twitter:data1\" content=\"3 minutos\" \/>\n<!-- \/ Yoast SEO plugin. -->","yoast_head_json":{"title":"Rehabilitaci\u00f3n cubierta Natuzzi-Decimas. S.S. de los Reyes | Pangea Proyectos y Obras","robots":{"index":"noindex","follow":"follow"},"og_locale":"es_ES","og_type":"article","og_title":"Rehabilitaci\u00f3n cubierta Natuzzi-Decimas. S.S. de los Reyes | Pangea Proyectos y Obras","og_description":"Rehabilitaci\u00f3n de cubierta en tiendas Natuzzi-D\u00e9cimas. San Sebasti\u00e1n de los Reyes (Madrid)","og_url":"https:\/\/www.grupopangea.es\/index.php\/obras-realizadas\/rehabilitacion\/reabilitacion-cubierta-natuzzi-decimas-s-s-de-los-reyes\/","og_site_name":"Pangea Proyectos y Obras","article_modified_time":"2024-06-19T08:47:34+00:00","twitter_card":"summary_large_image","twitter_misc":{"Tiempo de lectura":"3 minutos"},"schema":{"@context":"https:\/\/schema.org","@graph":[{"@type":"WebPage","@id":"https:\/\/www.grupopangea.es\/index.php\/obras-realizadas\/rehabilitacion\/reabilitacion-cubierta-natuzzi-decimas-s-s-de-los-reyes\/","url":"https:\/\/www.grupopangea.es\/index.php\/obras-realizadas\/rehabilitacion\/reabilitacion-cubierta-natuzzi-decimas-s-s-de-los-reyes\/","name":"Rehabilitaci\u00f3n cubierta Natuzzi-Decimas. S.S. de los Reyes | Pangea Proyectos y Obras","isPartOf":{"@id":"https:\/\/www.grupopangea.es\/#website"},"datePublished":"2019-11-20T10:45:02+00:00","dateModified":"2024-06-19T08:47:34+00:00","breadcrumb":{"@id":"https:\/\/www.grupopangea.es\/index.php\/obras-realizadas\/rehabilitacion\/reabilitacion-cubierta-natuzzi-decimas-s-s-de-los-reyes\/#breadcrumb"},"inLanguage":"es","potentialAction":[{"@type":"ReadAction","target":["https:\/\/www.grupopangea.es\/index.php\/obras-realizadas\/rehabilitacion\/reabilitacion-cubierta-natuzzi-decimas-s-s-de-los-reyes\/"]}]},{"@type":"BreadcrumbList","@id":"https:\/\/www.grupopangea.es\/index.php\/obras-realizadas\/rehabilitacion\/reabilitacion-cubierta-natuzzi-decimas-s-s-de-los-reyes\/#breadcrumb","itemListElement":[{"@type":"ListItem","position":1,"name":"Portada","item":"https:\/\/www.grupopangea.es\/"},{"@type":"ListItem","position":2,"name":"OBRAS REALIZADAS","item":"https:\/\/www.grupopangea.es\/index.php\/obras-realizadas\/"},{"@type":"ListItem","position":3,"name":"Rehabilitaci\u00f3n","item":"https:\/\/www.grupopangea.es\/index.php\/obras-realizadas\/rehabilitacion\/"},{"@type":"ListItem","position":4,"name":"Rehabilitaci\u00f3n cubierta Natuzzi-Decimas. S.S. de los Reyes"}]},{"@type":"WebSite","@id":"https:\/\/www.grupopangea.es\/#website","url":"https:\/\/www.grupopangea.es\/","name":"Pangea Proyectos y Obras","description":"Expertos en impermeabilizaci\u00f3n y aislamiento de cubiertas","publisher":{"@id":"https:\/\/www.grupopangea.es\/#organization"},"potentialAction":[{"@type":"SearchAction","target":{"@type":"EntryPoint","urlTemplate":"https:\/\/www.grupopangea.es\/?s={search_term_string}"},"query-input":{"@type":"PropertyValueSpecification","valueRequired":true,"valueName":"search_term_string"}}],"inLanguage":"es"},{"@type":"Organization","@id":"https:\/\/www.grupopangea.es\/#organization","name":"Pangea Proyectos y Obras","url":"https:\/\/www.grupopangea.es\/","logo":{"@type":"ImageObject","inLanguage":"es","@id":"https:\/\/www.grupopangea.es\/#\/schema\/logo\/image\/","url":"https:\/\/www.grupopangea.es\/wp-content\/uploads\/2024\/02\/Pangea-Logo-webp-7kb-150X116.webp","contentUrl":"https:\/\/www.grupopangea.es\/wp-content\/uploads\/2024\/02\/Pangea-Logo-webp-7kb-150X116.webp","width":150,"height":116,"caption":"Pangea Proyectos y Obras"},"image":{"@id":"https:\/\/www.grupopangea.es\/#\/schema\/logo\/image\/"}}]}},"_links":{"self":[{"href":"https:\/\/www.grupopangea.es\/index.php\/wp-json\/wp\/v2\/pages\/645"}],"collection":[{"href":"https:\/\/www.grupopangea.es\/index.php\/wp-json\/wp\/v2\/pages"}],"about":[{"href":"https:\/\/www.grupopangea.es\/index.php\/wp-json\/wp\/v2\/types\/page"}],"author":[{"embeddable":true,"href":"https:\/\/www.grupopangea.es\/index.php\/wp-json\/wp\/v2\/users\/1"}],"replies":[{"embeddable":true,"href":"https:\/\/www.grupopangea.es\/index.php\/wp-json\/wp\/v2\/comments?post=645"}],"version-history":[{"count":1,"href":"https:\/\/www.grupopangea.es\/index.php\/wp-json\/wp\/v2\/pages\/645\/revisions"}],"predecessor-version":[{"id":3608,"href":"https:\/\/www.grupopangea.es\/index.php\/wp-json\/wp\/v2\/pages\/645\/revisions\/3608"}],"up":[{"embeddable":true,"href":"https:\/\/www.grupopangea.es\/index.php\/wp-json\/wp\/v2\/pages\/160"}],"wp:attachment":[{"href":"https:\/\/www.grupopangea.es\/index.php\/wp-json\/wp\/v2\/media?parent=645"}],"curies":[{"name":"wp","href":"https:\/\/api.w.org\/{rel}","templated":true}]}}