{"id":690,"date":"2019-11-20T12:05:39","date_gmt":"2019-11-20T11:05:39","guid":{"rendered":"http:\/\/gfw-nox\/wordpress\/?page_id=690"},"modified":"2024-06-19T09:52:25","modified_gmt":"2024-06-19T08:52:25","slug":"cubierta-supermercado-aldi-sanlucar-de-barrameda","status":"publish","type":"page","link":"https:\/\/www.grupopangea.es\/index.php\/obras-realizadas\/rehabilitacion\/cubierta-supermercado-aldi-sanlucar-de-barrameda\/","title":{"rendered":"Cubierta supermercado Aldi. Sanl\u00facar de Barrameda"},"content":{"rendered":"<div id=\"pl-690\"  class=\"panel-layout\" ><div id=\"pg-690-0\"  class=\"panel-grid panel-no-style\" ><div id=\"pgc-690-0-0\"  class=\"panel-grid-cell\" ><div id=\"panel-690-0-0-0\" class=\"so-panel widget widget_sow-editor panel-first-child\" data-index=\"0\" ><div\n\t\t\t\n\t\t\tclass=\"so-widget-sow-editor so-widget-sow-editor-base\"\n\t\t\t\n\t\t>\n<div class=\"siteorigin-widget-tinymce textwidget\">\n\t<h2><strong>Cubierta supemercado Aldi. Sanl\u00facar de Barrameda (C\u00e1diz)<\/strong><\/h2>\n<\/div>\n<\/div><\/div><div id=\"panel-690-0-0-1\" class=\"so-panel widget widget_sow-slider panel-last-child\" data-index=\"1\" ><div\n\t\t\t\n\t\t\tclass=\"so-widget-sow-slider so-widget-sow-slider-default-6d39609536fd-690\"\n\t\t\t\n\t\t>\t\t\t\t<div class=\"sow-slider-base\" style=\"display: none\" tabindex=\"0\">\n\t\t\t\t\t<ul\n\t\t\t\t\tclass=\"sow-slider-images\"\n\t\t\t\t\tdata-settings=\"{&quot;pagination&quot;:true,&quot;speed&quot;:800,&quot;timeout&quot;:2200,&quot;paused&quot;:false,&quot;pause_on_hover&quot;:false,&quot;swipe&quot;:true,&quot;nav_always_show_desktop&quot;:&quot;&quot;,&quot;nav_always_show_mobile&quot;:true,&quot;breakpoint&quot;:&quot;780px&quot;,&quot;unmute&quot;:false,&quot;anchor&quot;:null}\"\n\t\t\t\t\t\t\t\t\t\tdata-anchor-id=\"\"\n\t\t\t\t>\t\t<li class=\"sow-slider-image\" style=\"visibility: visible;\" >\n\t\t\t\t\t\t<img decoding=\"async\" width=\"640\" height=\"359\" src=\"https:\/\/www.grupopangea.es\/wp-content\/uploads\/2019\/11\/SANLUCAR-01-rotated-e1574248244994.jpg\" class=\"sow-slider-background-image\" alt=\"\" style=\"\" srcset=\"https:\/\/www.grupopangea.es\/wp-content\/uploads\/2019\/11\/SANLUCAR-01-rotated-e1574248244994.jpg 640w, https:\/\/www.grupopangea.es\/wp-content\/uploads\/2019\/11\/SANLUCAR-01-rotated-e1574248244994-300x168.jpg 300w\" sizes=\"(max-width: 640px) 100vw, 640px\" \/>\t\t<\/li>\n\t\t\t\t<li class=\"sow-slider-image\" style=\"visibility: hidden;\" >\n\t\t\t\t\t\t<img decoding=\"async\" width=\"640\" height=\"359\" src=\"https:\/\/www.grupopangea.es\/wp-content\/uploads\/2019\/11\/SANLUCAR-02.jpg\" class=\"sow-slider-background-image\" alt=\"\" style=\"\" srcset=\"https:\/\/www.grupopangea.es\/wp-content\/uploads\/2019\/11\/SANLUCAR-02.jpg 640w, https:\/\/www.grupopangea.es\/wp-content\/uploads\/2019\/11\/SANLUCAR-02-300x168.jpg 300w\" sizes=\"(max-width: 640px) 100vw, 640px\" \/>\t\t<\/li>\n\t\t\t\t<li class=\"sow-slider-image\" style=\"visibility: hidden;\" >\n\t\t\t\t\t\t<img decoding=\"async\" width=\"640\" height=\"480\" src=\"https:\/\/www.grupopangea.es\/wp-content\/uploads\/2019\/11\/SANLUCAR-03.jpg\" class=\"sow-slider-background-image\" alt=\"\" style=\"\" srcset=\"https:\/\/www.grupopangea.es\/wp-content\/uploads\/2019\/11\/SANLUCAR-03.jpg 640w, https:\/\/www.grupopangea.es\/wp-content\/uploads\/2019\/11\/SANLUCAR-03-300x225.jpg 300w\" sizes=\"(max-width: 640px) 100vw, 640px\" \/>\t\t<\/li>\n\t\t\t\t<li class=\"sow-slider-image\" style=\"visibility: hidden;\" >\n\t\t\t\t\t\t<img decoding=\"async\" width=\"640\" height=\"480\" src=\"https:\/\/www.grupopangea.es\/wp-content\/uploads\/2019\/11\/SANLUCAR-05.jpg\" class=\"sow-slider-background-image\" alt=\"\" style=\"\" srcset=\"https:\/\/www.grupopangea.es\/wp-content\/uploads\/2019\/11\/SANLUCAR-05.jpg 640w, https:\/\/www.grupopangea.es\/wp-content\/uploads\/2019\/11\/SANLUCAR-05-300x225.jpg 300w\" sizes=\"(max-width: 640px) 100vw, 640px\" \/>\t\t<\/li>\n\t\t\t\t<li class=\"sow-slider-image\" style=\"visibility: hidden;\" >\n\t\t\t\t\t\t<img decoding=\"async\" width=\"640\" height=\"480\" src=\"https:\/\/www.grupopangea.es\/wp-content\/uploads\/2019\/11\/SANLUCAR-04.jpg\" class=\"sow-slider-background-image\" alt=\"\" style=\"\" srcset=\"https:\/\/www.grupopangea.es\/wp-content\/uploads\/2019\/11\/SANLUCAR-04.jpg 640w, https:\/\/www.grupopangea.es\/wp-content\/uploads\/2019\/11\/SANLUCAR-04-300x225.jpg 300w\" sizes=\"(max-width: 640px) 100vw, 640px\" \/>\t\t<\/li>\n\t\t\t\t<li class=\"sow-slider-image\" style=\"visibility: hidden;\" >\n\t\t\t\t\t\t<img decoding=\"async\" width=\"604\" height=\"480\" src=\"https:\/\/www.grupopangea.es\/wp-content\/uploads\/2019\/11\/SANLUCAR-06.jpg\" class=\"sow-slider-background-image\" alt=\"\" style=\"\" srcset=\"https:\/\/www.grupopangea.es\/wp-content\/uploads\/2019\/11\/SANLUCAR-06.jpg 604w, https:\/\/www.grupopangea.es\/wp-content\/uploads\/2019\/11\/SANLUCAR-06-300x238.jpg 300w\" sizes=\"(max-width: 604px) 100vw, 604px\" \/>\t\t<\/li>\n\t\t\t\t<li class=\"sow-slider-image\" style=\"visibility: hidden;\" >\n\t\t\t\t\t\t<img decoding=\"async\" width=\"640\" height=\"480\" src=\"https:\/\/www.grupopangea.es\/wp-content\/uploads\/2019\/11\/SANLUCAR-07.jpg\" class=\"sow-slider-background-image\" alt=\"\" style=\"\" srcset=\"https:\/\/www.grupopangea.es\/wp-content\/uploads\/2019\/11\/SANLUCAR-07.jpg 640w, https:\/\/www.grupopangea.es\/wp-content\/uploads\/2019\/11\/SANLUCAR-07-300x225.jpg 300w\" sizes=\"(max-width: 640px) 100vw, 640px\" \/>\t\t<\/li>\n\t\t\t\t<li class=\"sow-slider-image\" style=\"visibility: hidden;\" >\n\t\t\t\t\t\t<img decoding=\"async\" width=\"640\" height=\"480\" src=\"https:\/\/www.grupopangea.es\/wp-content\/uploads\/2019\/11\/SANLUCAR-08.jpg\" class=\"sow-slider-background-image\" alt=\"\" style=\"\" srcset=\"https:\/\/www.grupopangea.es\/wp-content\/uploads\/2019\/11\/SANLUCAR-08.jpg 640w, https:\/\/www.grupopangea.es\/wp-content\/uploads\/2019\/11\/SANLUCAR-08-300x225.jpg 300w\" sizes=\"(max-width: 640px) 100vw, 640px\" \/>\t\t<\/li>\n\t\t\t\t<li class=\"sow-slider-image\" style=\"visibility: hidden;\" >\n\t\t\t\t\t\t<img decoding=\"async\" width=\"359\" height=\"640\" src=\"https:\/\/www.grupopangea.es\/wp-content\/uploads\/2019\/11\/SANLUCAR-09-rotated-e1574248153931.jpg\" class=\"sow-slider-background-image\" alt=\"\" style=\"\" srcset=\"https:\/\/www.grupopangea.es\/wp-content\/uploads\/2019\/11\/SANLUCAR-09-rotated-e1574248153931.jpg 359w, https:\/\/www.grupopangea.es\/wp-content\/uploads\/2019\/11\/SANLUCAR-09-rotated-e1574248153931-168x300.jpg 168w\" sizes=\"(max-width: 359px) 100vw, 359px\" \/>\t\t<\/li>\n\t\t\t\t<li class=\"sow-slider-image\" style=\"visibility: hidden;\" >\n\t\t\t\t\t\t<img decoding=\"async\" width=\"640\" height=\"480\" src=\"https:\/\/www.grupopangea.es\/wp-content\/uploads\/2019\/11\/SANLUCAR-10.jpg\" class=\"sow-slider-background-image\" alt=\"\" style=\"\" srcset=\"https:\/\/www.grupopangea.es\/wp-content\/uploads\/2019\/11\/SANLUCAR-10.jpg 640w, https:\/\/www.grupopangea.es\/wp-content\/uploads\/2019\/11\/SANLUCAR-10-300x225.jpg 300w\" sizes=\"(max-width: 640px) 100vw, 640px\" \/>\t\t<\/li>\n\t\t\t\t<li class=\"sow-slider-image\" style=\"visibility: hidden;\" >\n\t\t\t\t\t\t<img decoding=\"async\" width=\"640\" height=\"480\" src=\"https:\/\/www.grupopangea.es\/wp-content\/uploads\/2019\/11\/SANLUCAR-11.jpg\" class=\"sow-slider-background-image\" alt=\"\" style=\"\" srcset=\"https:\/\/www.grupopangea.es\/wp-content\/uploads\/2019\/11\/SANLUCAR-11.jpg 640w, https:\/\/www.grupopangea.es\/wp-content\/uploads\/2019\/11\/SANLUCAR-11-300x225.jpg 300w\" sizes=\"(max-width: 640px) 100vw, 640px\" \/>\t\t<\/li>\n\t\t\t\t<li class=\"sow-slider-image\" style=\"visibility: hidden;\" >\n\t\t\t\t\t\t<img decoding=\"async\" width=\"640\" height=\"480\" src=\"https:\/\/www.grupopangea.es\/wp-content\/uploads\/2019\/11\/SANLUCAR-12.jpg\" class=\"sow-slider-background-image\" alt=\"\" style=\"\" srcset=\"https:\/\/www.grupopangea.es\/wp-content\/uploads\/2019\/11\/SANLUCAR-12.jpg 640w, https:\/\/www.grupopangea.es\/wp-content\/uploads\/2019\/11\/SANLUCAR-12-300x225.jpg 300w\" sizes=\"(max-width: 640px) 100vw, 640px\" \/>\t\t<\/li>\n\t\t\t\t<li class=\"sow-slider-image\" style=\"visibility: hidden;\" >\n\t\t\t\t\t\t<img decoding=\"async\" width=\"640\" height=\"480\" src=\"https:\/\/www.grupopangea.es\/wp-content\/uploads\/2019\/11\/SANLUCAR-13.jpg\" class=\"sow-slider-background-image\" alt=\"\" style=\"\" srcset=\"https:\/\/www.grupopangea.es\/wp-content\/uploads\/2019\/11\/SANLUCAR-13.jpg 640w, https:\/\/www.grupopangea.es\/wp-content\/uploads\/2019\/11\/SANLUCAR-13-300x225.jpg 300w\" sizes=\"(max-width: 640px) 100vw, 640px\" \/>\t\t<\/li>\n\t\t<\/ul>\t\t\t\t<ol class=\"sow-slider-pagination\">\n\t\t\t\t\t\t\t\t\t\t\t<li><a href=\"#\" data-goto=\"0\" aria-label=\"mostrar diapositiva 1\"><\/a><\/li>\n\t\t\t\t\t\t\t\t\t\t\t<li><a href=\"#\" data-goto=\"1\" aria-label=\"mostrar diapositiva 2\"><\/a><\/li>\n\t\t\t\t\t\t\t\t\t\t\t<li><a href=\"#\" data-goto=\"2\" aria-label=\"mostrar diapositiva 3\"><\/a><\/li>\n\t\t\t\t\t\t\t\t\t\t\t<li><a href=\"#\" data-goto=\"3\" aria-label=\"mostrar diapositiva 4\"><\/a><\/li>\n\t\t\t\t\t\t\t\t\t\t\t<li><a href=\"#\" data-goto=\"4\" aria-label=\"mostrar diapositiva 5\"><\/a><\/li>\n\t\t\t\t\t\t\t\t\t\t\t<li><a href=\"#\" data-goto=\"5\" aria-label=\"mostrar diapositiva 6\"><\/a><\/li>\n\t\t\t\t\t\t\t\t\t\t\t<li><a href=\"#\" data-goto=\"6\" aria-label=\"mostrar diapositiva 7\"><\/a><\/li>\n\t\t\t\t\t\t\t\t\t\t\t<li><a href=\"#\" data-goto=\"7\" aria-label=\"mostrar diapositiva 8\"><\/a><\/li>\n\t\t\t\t\t\t\t\t\t\t\t<li><a href=\"#\" data-goto=\"8\" aria-label=\"mostrar diapositiva 9\"><\/a><\/li>\n\t\t\t\t\t\t\t\t\t\t\t<li><a href=\"#\" data-goto=\"9\" aria-label=\"mostrar diapositiva 10\"><\/a><\/li>\n\t\t\t\t\t\t\t\t\t\t\t<li><a href=\"#\" data-goto=\"10\" aria-label=\"mostrar diapositiva 11\"><\/a><\/li>\n\t\t\t\t\t\t\t\t\t\t\t<li><a href=\"#\" data-goto=\"11\" aria-label=\"mostrar diapositiva 12\"><\/a><\/li>\n\t\t\t\t\t\t\t\t\t\t\t<li><a href=\"#\" data-goto=\"12\" aria-label=\"mostrar diapositiva 13\"><\/a><\/li>\n\t\t\t\t\t\t\t\t\t<\/ol>\n\n\t\t\t\t<div class=\"sow-slide-nav sow-slide-nav-next\">\n\t\t\t\t\t<a href=\"#\" data-goto=\"next\" aria-label=\"diapositiva siguiente\" data-action=\"next\">\n\t\t\t\t\t\t<em class=\"sow-sld-icon-thin-right\"><\/em>\n\t\t\t\t\t<\/a>\n\t\t\t\t<\/div>\n\n\t\t\t\t<div class=\"sow-slide-nav sow-slide-nav-prev\">\n\t\t\t\t\t<a href=\"#\" data-goto=\"previous\" aria-label=\"diapositiva anterior\" data-action=\"prev\">\n\t\t\t\t\t\t<em class=\"sow-sld-icon-thin-left\"><\/em>\n\t\t\t\t\t<\/a>\n\t\t\t\t<\/div>\n\t\t\t\t<\/div><\/div><\/div><\/div><\/div><\/div>","protected":false},"excerpt":{"rendered":"<p>Cubierta supemercado Aldi. Sanl\u00facar de Barrameda (C\u00e1diz)<\/p>\n","protected":false},"author":1,"featured_media":0,"parent":160,"menu_order":30,"comment_status":"closed","ping_status":"closed","template":"","meta":{"footnotes":""},"class_list":["post-690","page","type-page","status-publish"],"yoast_head":"<!-- This site is optimized with the Yoast SEO plugin v25.6 - https:\/\/yoast.com\/wordpress\/plugins\/seo\/ -->\n<title>Cubierta supermercado Aldi. Sanl\u00facar de Barrameda | Pangea Proyectos y Obras<\/title>\n<meta name=\"robots\" content=\"noindex, follow\" \/>\n<meta property=\"og:locale\" content=\"es_ES\" \/>\n<meta property=\"og:type\" content=\"article\" \/>\n<meta property=\"og:title\" content=\"Cubierta supermercado Aldi. Sanl\u00facar de Barrameda | Pangea Proyectos y Obras\" \/>\n<meta property=\"og:description\" content=\"Cubierta supemercado Aldi. Sanl\u00facar de Barrameda (C\u00e1diz)\" \/>\n<meta property=\"og:url\" content=\"https:\/\/www.grupopangea.es\/index.php\/obras-realizadas\/rehabilitacion\/cubierta-supermercado-aldi-sanlucar-de-barrameda\/\" \/>\n<meta property=\"og:site_name\" content=\"Pangea Proyectos y Obras\" \/>\n<meta property=\"article:modified_time\" content=\"2024-06-19T08:52:25+00:00\" \/>\n<meta name=\"twitter:card\" content=\"summary_large_image\" \/>\n<meta name=\"twitter:label1\" content=\"Tiempo de lectura\" \/>\n\t<meta name=\"twitter:data1\" content=\"3 minutos\" \/>\n<!-- \/ Yoast SEO plugin. -->","yoast_head_json":{"title":"Cubierta supermercado Aldi. Sanl\u00facar de Barrameda | Pangea Proyectos y Obras","robots":{"index":"noindex","follow":"follow"},"og_locale":"es_ES","og_type":"article","og_title":"Cubierta supermercado Aldi. Sanl\u00facar de Barrameda | Pangea Proyectos y Obras","og_description":"Cubierta supemercado Aldi. Sanl\u00facar de Barrameda (C\u00e1diz)","og_url":"https:\/\/www.grupopangea.es\/index.php\/obras-realizadas\/rehabilitacion\/cubierta-supermercado-aldi-sanlucar-de-barrameda\/","og_site_name":"Pangea Proyectos y Obras","article_modified_time":"2024-06-19T08:52:25+00:00","twitter_card":"summary_large_image","twitter_misc":{"Tiempo de lectura":"3 minutos"},"schema":{"@context":"https:\/\/schema.org","@graph":[{"@type":"WebPage","@id":"https:\/\/www.grupopangea.es\/index.php\/obras-realizadas\/rehabilitacion\/cubierta-supermercado-aldi-sanlucar-de-barrameda\/","url":"https:\/\/www.grupopangea.es\/index.php\/obras-realizadas\/rehabilitacion\/cubierta-supermercado-aldi-sanlucar-de-barrameda\/","name":"Cubierta supermercado Aldi. Sanl\u00facar de Barrameda | Pangea Proyectos y Obras","isPartOf":{"@id":"https:\/\/www.grupopangea.es\/#website"},"datePublished":"2019-11-20T11:05:39+00:00","dateModified":"2024-06-19T08:52:25+00:00","breadcrumb":{"@id":"https:\/\/www.grupopangea.es\/index.php\/obras-realizadas\/rehabilitacion\/cubierta-supermercado-aldi-sanlucar-de-barrameda\/#breadcrumb"},"inLanguage":"es","potentialAction":[{"@type":"ReadAction","target":["https:\/\/www.grupopangea.es\/index.php\/obras-realizadas\/rehabilitacion\/cubierta-supermercado-aldi-sanlucar-de-barrameda\/"]}]},{"@type":"BreadcrumbList","@id":"https:\/\/www.grupopangea.es\/index.php\/obras-realizadas\/rehabilitacion\/cubierta-supermercado-aldi-sanlucar-de-barrameda\/#breadcrumb","itemListElement":[{"@type":"ListItem","position":1,"name":"Portada","item":"https:\/\/www.grupopangea.es\/"},{"@type":"ListItem","position":2,"name":"OBRAS REALIZADAS","item":"https:\/\/www.grupopangea.es\/index.php\/obras-realizadas\/"},{"@type":"ListItem","position":3,"name":"Rehabilitaci\u00f3n","item":"https:\/\/www.grupopangea.es\/index.php\/obras-realizadas\/rehabilitacion\/"},{"@type":"ListItem","position":4,"name":"Cubierta supermercado Aldi. Sanl\u00facar de Barrameda"}]},{"@type":"WebSite","@id":"https:\/\/www.grupopangea.es\/#website","url":"https:\/\/www.grupopangea.es\/","name":"Pangea Proyectos y Obras","description":"Expertos en impermeabilizaci\u00f3n y aislamiento de cubiertas","publisher":{"@id":"https:\/\/www.grupopangea.es\/#organization"},"potentialAction":[{"@type":"SearchAction","target":{"@type":"EntryPoint","urlTemplate":"https:\/\/www.grupopangea.es\/?s={search_term_string}"},"query-input":{"@type":"PropertyValueSpecification","valueRequired":true,"valueName":"search_term_string"}}],"inLanguage":"es"},{"@type":"Organization","@id":"https:\/\/www.grupopangea.es\/#organization","name":"Pangea Proyectos y Obras","url":"https:\/\/www.grupopangea.es\/","logo":{"@type":"ImageObject","inLanguage":"es","@id":"https:\/\/www.grupopangea.es\/#\/schema\/logo\/image\/","url":"https:\/\/www.grupopangea.es\/wp-content\/uploads\/2024\/02\/Pangea-Logo-webp-7kb-150X116.webp","contentUrl":"https:\/\/www.grupopangea.es\/wp-content\/uploads\/2024\/02\/Pangea-Logo-webp-7kb-150X116.webp","width":150,"height":116,"caption":"Pangea Proyectos y Obras"},"image":{"@id":"https:\/\/www.grupopangea.es\/#\/schema\/logo\/image\/"}}]}},"_links":{"self":[{"href":"https:\/\/www.grupopangea.es\/index.php\/wp-json\/wp\/v2\/pages\/690"}],"collection":[{"href":"https:\/\/www.grupopangea.es\/index.php\/wp-json\/wp\/v2\/pages"}],"about":[{"href":"https:\/\/www.grupopangea.es\/index.php\/wp-json\/wp\/v2\/types\/page"}],"author":[{"embeddable":true,"href":"https:\/\/www.grupopangea.es\/index.php\/wp-json\/wp\/v2\/users\/1"}],"replies":[{"embeddable":true,"href":"https:\/\/www.grupopangea.es\/index.php\/wp-json\/wp\/v2\/comments?post=690"}],"version-history":[{"count":2,"href":"https:\/\/www.grupopangea.es\/index.php\/wp-json\/wp\/v2\/pages\/690\/revisions"}],"predecessor-version":[{"id":3613,"href":"https:\/\/www.grupopangea.es\/index.php\/wp-json\/wp\/v2\/pages\/690\/revisions\/3613"}],"up":[{"embeddable":true,"href":"https:\/\/www.grupopangea.es\/index.php\/wp-json\/wp\/v2\/pages\/160"}],"wp:attachment":[{"href":"https:\/\/www.grupopangea.es\/index.php\/wp-json\/wp\/v2\/media?parent=690"}],"curies":[{"name":"wp","href":"https:\/\/api.w.org\/{rel}","templated":true}]}}